{"id":2832,"date":"2024-11-12T18:09:25","date_gmt":"2024-11-12T18:09:25","guid":{"rendered":"https:\/\/ajandekellato.hu\/?post_type=product&#038;p=2832"},"modified":"2026-03-23T01:54:18","modified_gmt":"2026-03-23T01:54:18","slug":"szerencsepenz-50-db-os","status":"publish","type":"product","link":"https:\/\/ajandekellato.hu\/en\/product\/szerencsepenz-50-db-os\/","title":{"rendered":"Szerencsep\u00e9nz 50 db-os"},"content":{"rendered":"<p>70 Ft\/db<br \/>\n50 cs\/doboz<\/p>","protected":false},"excerpt":{"rendered":"<p>F\u00e9mg\u0151z\u00f6lt m\u0171anyag szerencsep\u00e9nz ez\u00fcst \u00e9s arany sz\u00ednekben.<\/p>","protected":false},"featured_media":2639,"comment_status":"open","ping_status":"closed","template":"","meta":[],"product_cat":[161],"product_tag":[],"class_list":{"0":"post-2832","1":"product","2":"type-product","3":"status-publish","4":"has-post-thumbnail","6":"product_cat-szilveszteri-kabalak","8":"first","9":"instock","10":"shipping-taxable","11":"purchasable","12":"product-type-simple"},"yoast_head":"<!-- This site is optimized with the Yoast SEO plugin v24.1 - https:\/\/yoast.com\/wordpress\/plugins\/seo\/ -->\n<title>Szerencsep\u00e9nz 50 db-os - Region\u00e1lis Aj\u00e1nd\u00e9kell\u00e1t\u00f3<\/title>\n<meta name=\"robots\" content=\"index, follow, max-snippet:-1, max-image-preview:large, max-video-preview:-1\" \/>\n<link rel=\"canonical\" href=\"https:\/\/ajandekellato.hu\/en\/product\/szerencsepenz-50-db-os\/\" \/>\n<meta property=\"og:locale\" content=\"en_US\" \/>\n<meta property=\"og:type\" content=\"article\" \/>\n<meta property=\"og:title\" content=\"Szerencsep\u00e9nz 50 db-os - Region\u00e1lis Aj\u00e1nd\u00e9kell\u00e1t\u00f3\" \/>\n<meta property=\"og:description\" content=\"F\u00e9mg\u0151z\u00f6lt m\u0171anyag szerencsep\u00e9nz ez\u00fcst \u00e9s arany sz\u00ednekben.\" \/>\n<meta property=\"og:url\" content=\"https:\/\/ajandekellato.hu\/en\/product\/szerencsepenz-50-db-os\/\" \/>\n<meta property=\"og:site_name\" content=\"Region\u00e1lis Aj\u00e1nd\u00e9kell\u00e1t\u00f3\" \/>\n<meta property=\"article:modified_time\" content=\"2026-03-23T01:54:18+00:00\" \/>\n<meta property=\"og:image\" content=\"https:\/\/ajandekellato.hu\/wp-content\/uploads\/2024\/03\/Ermek_Csom-1-scaled.webp\" \/>\n\t<meta property=\"og:image:width\" content=\"2560\" \/>\n\t<meta property=\"og:image:height\" content=\"1707\" \/>\n\t<meta property=\"og:image:type\" content=\"image\/webp\" \/>\n<meta name=\"twitter:card\" content=\"summary_large_image\" \/>\n<meta name=\"twitter:label1\" content=\"Est. reading time\" \/>\n\t<meta name=\"twitter:data1\" content=\"1 minute\" \/>\n<script type=\"application\/ld+json\" class=\"yoast-schema-graph\">{\"@context\":\"https:\/\/schema.org\",\"@graph\":[{\"@type\":\"WebPage\",\"@id\":\"https:\/\/ajandekellato.hu\/product\/szerencsepenz-50-db-os\/\",\"url\":\"https:\/\/ajandekellato.hu\/product\/szerencsepenz-50-db-os\/\",\"name\":\"Szerencsep\u00e9nz 50 db-os - Region\u00e1lis Aj\u00e1nd\u00e9kell\u00e1t\u00f3\",\"isPartOf\":{\"@id\":\"https:\/\/ajandekellato.hu\/#website\"},\"primaryImageOfPage\":{\"@id\":\"https:\/\/ajandekellato.hu\/product\/szerencsepenz-50-db-os\/#primaryimage\"},\"image\":{\"@id\":\"https:\/\/ajandekellato.hu\/product\/szerencsepenz-50-db-os\/#primaryimage\"},\"thumbnailUrl\":\"https:\/\/ajandekellato.hu\/wp-content\/uploads\/2024\/03\/Ermek_Csom-1-scaled.webp\",\"datePublished\":\"2024-11-12T18:09:25+00:00\",\"dateModified\":\"2026-03-23T01:54:18+00:00\",\"breadcrumb\":{\"@id\":\"https:\/\/ajandekellato.hu\/product\/szerencsepenz-50-db-os\/#breadcrumb\"},\"inLanguage\":\"en-US\",\"potentialAction\":[{\"@type\":\"ReadAction\",\"target\":[\"https:\/\/ajandekellato.hu\/product\/szerencsepenz-50-db-os\/\"]}]},{\"@type\":\"ImageObject\",\"inLanguage\":\"en-US\",\"@id\":\"https:\/\/ajandekellato.hu\/product\/szerencsepenz-50-db-os\/#primaryimage\",\"url\":\"https:\/\/ajandekellato.hu\/wp-content\/uploads\/2024\/03\/Ermek_Csom-1-scaled.webp\",\"contentUrl\":\"https:\/\/ajandekellato.hu\/wp-content\/uploads\/2024\/03\/Ermek_Csom-1-scaled.webp\",\"width\":2560,\"height\":1707},{\"@type\":\"BreadcrumbList\",\"@id\":\"https:\/\/ajandekellato.hu\/product\/szerencsepenz-50-db-os\/#breadcrumb\",\"itemListElement\":[{\"@type\":\"ListItem\",\"position\":1,\"name\":\"Home\",\"item\":\"https:\/\/ajandekellato.hu\/\"},{\"@type\":\"ListItem\",\"position\":2,\"name\":\"Shop\",\"item\":\"https:\/\/ajandekellato.hu\/shop\/\"},{\"@type\":\"ListItem\",\"position\":3,\"name\":\"Szerencsep\u00e9nz 50 db-os\"}]},{\"@type\":\"WebSite\",\"@id\":\"https:\/\/ajandekellato.hu\/#website\",\"url\":\"https:\/\/ajandekellato.hu\/\",\"name\":\"Region\u00e1lis Aj\u00e1nd\u00e9kell\u00e1t\u00f3\",\"description\":\"\",\"potentialAction\":[{\"@type\":\"SearchAction\",\"target\":{\"@type\":\"EntryPoint\",\"urlTemplate\":\"https:\/\/ajandekellato.hu\/?s={search_term_string}\"},\"query-input\":{\"@type\":\"PropertyValueSpecification\",\"valueRequired\":true,\"valueName\":\"search_term_string\"}}],\"inLanguage\":\"en-US\"}]}<\/script>\n<!-- \/ Yoast SEO plugin. -->","yoast_head_json":{"title":"Szerencsep\u00e9nz 50 db-os - Region\u00e1lis Aj\u00e1nd\u00e9kell\u00e1t\u00f3","robots":{"index":"index","follow":"follow","max-snippet":"max-snippet:-1","max-image-preview":"max-image-preview:large","max-video-preview":"max-video-preview:-1"},"canonical":"https:\/\/ajandekellato.hu\/en\/product\/szerencsepenz-50-db-os\/","og_locale":"en_US","og_type":"article","og_title":"Szerencsep\u00e9nz 50 db-os - Region\u00e1lis Aj\u00e1nd\u00e9kell\u00e1t\u00f3","og_description":"F\u00e9mg\u0151z\u00f6lt m\u0171anyag szerencsep\u00e9nz ez\u00fcst \u00e9s arany sz\u00ednekben.","og_url":"https:\/\/ajandekellato.hu\/en\/product\/szerencsepenz-50-db-os\/","og_site_name":"Region\u00e1lis Aj\u00e1nd\u00e9kell\u00e1t\u00f3","article_modified_time":"2026-03-23T01:54:18+00:00","og_image":[{"width":2560,"height":1707,"url":"https:\/\/ajandekellato.hu\/wp-content\/uploads\/2024\/03\/Ermek_Csom-1-scaled.webp","type":"image\/webp"}],"twitter_card":"summary_large_image","twitter_misc":{"Est. reading time":"1 minute"},"schema":{"@context":"https:\/\/schema.org","@graph":[{"@type":"WebPage","@id":"https:\/\/ajandekellato.hu\/product\/szerencsepenz-50-db-os\/","url":"https:\/\/ajandekellato.hu\/product\/szerencsepenz-50-db-os\/","name":"Szerencsep\u00e9nz 50 db-os - Region\u00e1lis Aj\u00e1nd\u00e9kell\u00e1t\u00f3","isPartOf":{"@id":"https:\/\/ajandekellato.hu\/#website"},"primaryImageOfPage":{"@id":"https:\/\/ajandekellato.hu\/product\/szerencsepenz-50-db-os\/#primaryimage"},"image":{"@id":"https:\/\/ajandekellato.hu\/product\/szerencsepenz-50-db-os\/#primaryimage"},"thumbnailUrl":"https:\/\/ajandekellato.hu\/wp-content\/uploads\/2024\/03\/Ermek_Csom-1-scaled.webp","datePublished":"2024-11-12T18:09:25+00:00","dateModified":"2026-03-23T01:54:18+00:00","breadcrumb":{"@id":"https:\/\/ajandekellato.hu\/product\/szerencsepenz-50-db-os\/#breadcrumb"},"inLanguage":"en-US","potentialAction":[{"@type":"ReadAction","target":["https:\/\/ajandekellato.hu\/product\/szerencsepenz-50-db-os\/"]}]},{"@type":"ImageObject","inLanguage":"en-US","@id":"https:\/\/ajandekellato.hu\/product\/szerencsepenz-50-db-os\/#primaryimage","url":"https:\/\/ajandekellato.hu\/wp-content\/uploads\/2024\/03\/Ermek_Csom-1-scaled.webp","contentUrl":"https:\/\/ajandekellato.hu\/wp-content\/uploads\/2024\/03\/Ermek_Csom-1-scaled.webp","width":2560,"height":1707},{"@type":"BreadcrumbList","@id":"https:\/\/ajandekellato.hu\/product\/szerencsepenz-50-db-os\/#breadcrumb","itemListElement":[{"@type":"ListItem","position":1,"name":"Home","item":"https:\/\/ajandekellato.hu\/"},{"@type":"ListItem","position":2,"name":"Shop","item":"https:\/\/ajandekellato.hu\/shop\/"},{"@type":"ListItem","position":3,"name":"Szerencsep\u00e9nz 50 db-os"}]},{"@type":"WebSite","@id":"https:\/\/ajandekellato.hu\/#website","url":"https:\/\/ajandekellato.hu\/","name":"Region\u00e1lis Aj\u00e1nd\u00e9kell\u00e1t\u00f3","description":"","potentialAction":[{"@type":"SearchAction","target":{"@type":"EntryPoint","urlTemplate":"https:\/\/ajandekellato.hu\/?s={search_term_string}"},"query-input":{"@type":"PropertyValueSpecification","valueRequired":true,"valueName":"search_term_string"}}],"inLanguage":"en-US"}]}},"jetpack_sharing_enabled":true,"_links":{"self":[{"href":"https:\/\/ajandekellato.hu\/en\/wp-json\/wp\/v2\/product\/2832","targetHints":{"allow":["GET"]}}],"collection":[{"href":"https:\/\/ajandekellato.hu\/en\/wp-json\/wp\/v2\/product"}],"about":[{"href":"https:\/\/ajandekellato.hu\/en\/wp-json\/wp\/v2\/types\/product"}],"replies":[{"embeddable":true,"href":"https:\/\/ajandekellato.hu\/en\/wp-json\/wp\/v2\/comments?post=2832"}],"wp:featuredmedia":[{"embeddable":true,"href":"https:\/\/ajandekellato.hu\/en\/wp-json\/wp\/v2\/media\/2639"}],"wp:attachment":[{"href":"https:\/\/ajandekellato.hu\/en\/wp-json\/wp\/v2\/media?parent=2832"}],"wp:term":[{"taxonomy":"product_cat","embeddable":true,"href":"https:\/\/ajandekellato.hu\/en\/wp-json\/wp\/v2\/product_cat?post=2832"},{"taxonomy":"product_tag","embeddable":true,"href":"https:\/\/ajandekellato.hu\/en\/wp-json\/wp\/v2\/product_tag?post=2832"}],"curies":[{"name":"wp","href":"https:\/\/api.w.org\/{rel}","templated":true}]}}