{"id":2818,"date":"2024-11-12T17:30:17","date_gmt":"2024-11-12T17:30:17","guid":{"rendered":"https:\/\/ajandekellato.hu\/?post_type=product&#038;p=2818"},"modified":"2024-11-26T19:27:15","modified_gmt":"2024-11-26T19:27:15","slug":"lohere-kulcstarto-10-db-os","status":"publish","type":"product","link":"https:\/\/ajandekellato.hu\/en\/product\/lohere-kulcstarto-10-db-os\/","title":{"rendered":"L\u00f3here kulcstart\u00f3 10 db-os"},"content":{"rendered":"<p>170 Ft\/db<br \/>\n20 zacsk\u00f3\/doboz<\/p>","protected":false},"excerpt":{"rendered":"<p>M\u0171anyag kabala kulcstart\u00f3.<\/p>","protected":false},"featured_media":2722,"comment_status":"open","ping_status":"closed","template":"","meta":[],"product_cat":[160,161],"product_tag":[],"class_list":{"0":"post-2818","1":"product","2":"type-product","3":"status-publish","4":"has-post-thumbnail","6":"product_cat-kulcstartok","7":"product_cat-szilveszteri-kabalak","9":"first","10":"instock","11":"shipping-taxable","12":"purchasable","13":"product-type-simple"},"yoast_head":"<!-- This site is optimized with the Yoast SEO plugin v24.1 - https:\/\/yoast.com\/wordpress\/plugins\/seo\/ -->\n<title>L\u00f3here kulcstart\u00f3 10 db-os - Region\u00e1lis Aj\u00e1nd\u00e9kell\u00e1t\u00f3<\/title>\n<meta name=\"robots\" content=\"index, follow, max-snippet:-1, max-image-preview:large, max-video-preview:-1\" \/>\n<link rel=\"canonical\" href=\"https:\/\/ajandekellato.hu\/en\/product\/lohere-kulcstarto-10-db-os\/\" \/>\n<meta property=\"og:locale\" content=\"en_US\" \/>\n<meta property=\"og:type\" content=\"article\" \/>\n<meta property=\"og:title\" content=\"L\u00f3here kulcstart\u00f3 10 db-os - Region\u00e1lis Aj\u00e1nd\u00e9kell\u00e1t\u00f3\" \/>\n<meta property=\"og:description\" content=\"M\u0171anyag kabala kulcstart\u00f3.\" \/>\n<meta property=\"og:url\" content=\"https:\/\/ajandekellato.hu\/en\/product\/lohere-kulcstarto-10-db-os\/\" \/>\n<meta property=\"og:site_name\" content=\"Region\u00e1lis Aj\u00e1nd\u00e9kell\u00e1t\u00f3\" \/>\n<meta property=\"article:modified_time\" content=\"2024-11-26T19:27:15+00:00\" \/>\n<meta property=\"og:image\" content=\"https:\/\/ajandekellato.hu\/wp-content\/uploads\/2024\/03\/Malacka_Lohere_Kulcst_2-scaled.webp\" \/>\n\t<meta property=\"og:image:width\" content=\"2560\" \/>\n\t<meta property=\"og:image:height\" content=\"1707\" \/>\n\t<meta property=\"og:image:type\" content=\"image\/webp\" \/>\n<meta name=\"twitter:card\" content=\"summary_large_image\" \/>\n<meta name=\"twitter:label1\" content=\"Est. reading time\" \/>\n\t<meta name=\"twitter:data1\" content=\"1 minute\" \/>\n<script type=\"application\/ld+json\" class=\"yoast-schema-graph\">{\"@context\":\"https:\/\/schema.org\",\"@graph\":[{\"@type\":\"WebPage\",\"@id\":\"https:\/\/ajandekellato.hu\/product\/lohere-kulcstarto-10-db-os\/\",\"url\":\"https:\/\/ajandekellato.hu\/product\/lohere-kulcstarto-10-db-os\/\",\"name\":\"L\u00f3here kulcstart\u00f3 10 db-os - Region\u00e1lis Aj\u00e1nd\u00e9kell\u00e1t\u00f3\",\"isPartOf\":{\"@id\":\"https:\/\/ajandekellato.hu\/#website\"},\"primaryImageOfPage\":{\"@id\":\"https:\/\/ajandekellato.hu\/product\/lohere-kulcstarto-10-db-os\/#primaryimage\"},\"image\":{\"@id\":\"https:\/\/ajandekellato.hu\/product\/lohere-kulcstarto-10-db-os\/#primaryimage\"},\"thumbnailUrl\":\"https:\/\/ajandekellato.hu\/wp-content\/uploads\/2024\/03\/Malacka_Lohere_Kulcst_2-scaled.webp\",\"datePublished\":\"2024-11-12T17:30:17+00:00\",\"dateModified\":\"2024-11-26T19:27:15+00:00\",\"breadcrumb\":{\"@id\":\"https:\/\/ajandekellato.hu\/product\/lohere-kulcstarto-10-db-os\/#breadcrumb\"},\"inLanguage\":\"en-US\",\"potentialAction\":[{\"@type\":\"ReadAction\",\"target\":[\"https:\/\/ajandekellato.hu\/product\/lohere-kulcstarto-10-db-os\/\"]}]},{\"@type\":\"ImageObject\",\"inLanguage\":\"en-US\",\"@id\":\"https:\/\/ajandekellato.hu\/product\/lohere-kulcstarto-10-db-os\/#primaryimage\",\"url\":\"https:\/\/ajandekellato.hu\/wp-content\/uploads\/2024\/03\/Malacka_Lohere_Kulcst_2-scaled.webp\",\"contentUrl\":\"https:\/\/ajandekellato.hu\/wp-content\/uploads\/2024\/03\/Malacka_Lohere_Kulcst_2-scaled.webp\",\"width\":2560,\"height\":1707},{\"@type\":\"BreadcrumbList\",\"@id\":\"https:\/\/ajandekellato.hu\/product\/lohere-kulcstarto-10-db-os\/#breadcrumb\",\"itemListElement\":[{\"@type\":\"ListItem\",\"position\":1,\"name\":\"Home\",\"item\":\"https:\/\/ajandekellato.hu\/\"},{\"@type\":\"ListItem\",\"position\":2,\"name\":\"Shop\",\"item\":\"https:\/\/ajandekellato.hu\/shop\/\"},{\"@type\":\"ListItem\",\"position\":3,\"name\":\"L\u00f3here kulcstart\u00f3 10 db-os\"}]},{\"@type\":\"WebSite\",\"@id\":\"https:\/\/ajandekellato.hu\/#website\",\"url\":\"https:\/\/ajandekellato.hu\/\",\"name\":\"Region\u00e1lis Aj\u00e1nd\u00e9kell\u00e1t\u00f3\",\"description\":\"\",\"potentialAction\":[{\"@type\":\"SearchAction\",\"target\":{\"@type\":\"EntryPoint\",\"urlTemplate\":\"https:\/\/ajandekellato.hu\/?s={search_term_string}\"},\"query-input\":{\"@type\":\"PropertyValueSpecification\",\"valueRequired\":true,\"valueName\":\"search_term_string\"}}],\"inLanguage\":\"en-US\"}]}<\/script>\n<!-- \/ Yoast SEO plugin. -->","yoast_head_json":{"title":"L\u00f3here kulcstart\u00f3 10 db-os - Region\u00e1lis Aj\u00e1nd\u00e9kell\u00e1t\u00f3","robots":{"index":"index","follow":"follow","max-snippet":"max-snippet:-1","max-image-preview":"max-image-preview:large","max-video-preview":"max-video-preview:-1"},"canonical":"https:\/\/ajandekellato.hu\/en\/product\/lohere-kulcstarto-10-db-os\/","og_locale":"en_US","og_type":"article","og_title":"L\u00f3here kulcstart\u00f3 10 db-os - Region\u00e1lis Aj\u00e1nd\u00e9kell\u00e1t\u00f3","og_description":"M\u0171anyag kabala kulcstart\u00f3.","og_url":"https:\/\/ajandekellato.hu\/en\/product\/lohere-kulcstarto-10-db-os\/","og_site_name":"Region\u00e1lis Aj\u00e1nd\u00e9kell\u00e1t\u00f3","article_modified_time":"2024-11-26T19:27:15+00:00","og_image":[{"width":2560,"height":1707,"url":"https:\/\/ajandekellato.hu\/wp-content\/uploads\/2024\/03\/Malacka_Lohere_Kulcst_2-scaled.webp","type":"image\/webp"}],"twitter_card":"summary_large_image","twitter_misc":{"Est. reading time":"1 minute"},"schema":{"@context":"https:\/\/schema.org","@graph":[{"@type":"WebPage","@id":"https:\/\/ajandekellato.hu\/product\/lohere-kulcstarto-10-db-os\/","url":"https:\/\/ajandekellato.hu\/product\/lohere-kulcstarto-10-db-os\/","name":"L\u00f3here kulcstart\u00f3 10 db-os - Region\u00e1lis Aj\u00e1nd\u00e9kell\u00e1t\u00f3","isPartOf":{"@id":"https:\/\/ajandekellato.hu\/#website"},"primaryImageOfPage":{"@id":"https:\/\/ajandekellato.hu\/product\/lohere-kulcstarto-10-db-os\/#primaryimage"},"image":{"@id":"https:\/\/ajandekellato.hu\/product\/lohere-kulcstarto-10-db-os\/#primaryimage"},"thumbnailUrl":"https:\/\/ajandekellato.hu\/wp-content\/uploads\/2024\/03\/Malacka_Lohere_Kulcst_2-scaled.webp","datePublished":"2024-11-12T17:30:17+00:00","dateModified":"2024-11-26T19:27:15+00:00","breadcrumb":{"@id":"https:\/\/ajandekellato.hu\/product\/lohere-kulcstarto-10-db-os\/#breadcrumb"},"inLanguage":"en-US","potentialAction":[{"@type":"ReadAction","target":["https:\/\/ajandekellato.hu\/product\/lohere-kulcstarto-10-db-os\/"]}]},{"@type":"ImageObject","inLanguage":"en-US","@id":"https:\/\/ajandekellato.hu\/product\/lohere-kulcstarto-10-db-os\/#primaryimage","url":"https:\/\/ajandekellato.hu\/wp-content\/uploads\/2024\/03\/Malacka_Lohere_Kulcst_2-scaled.webp","contentUrl":"https:\/\/ajandekellato.hu\/wp-content\/uploads\/2024\/03\/Malacka_Lohere_Kulcst_2-scaled.webp","width":2560,"height":1707},{"@type":"BreadcrumbList","@id":"https:\/\/ajandekellato.hu\/product\/lohere-kulcstarto-10-db-os\/#breadcrumb","itemListElement":[{"@type":"ListItem","position":1,"name":"Home","item":"https:\/\/ajandekellato.hu\/"},{"@type":"ListItem","position":2,"name":"Shop","item":"https:\/\/ajandekellato.hu\/shop\/"},{"@type":"ListItem","position":3,"name":"L\u00f3here kulcstart\u00f3 10 db-os"}]},{"@type":"WebSite","@id":"https:\/\/ajandekellato.hu\/#website","url":"https:\/\/ajandekellato.hu\/","name":"Region\u00e1lis Aj\u00e1nd\u00e9kell\u00e1t\u00f3","description":"","potentialAction":[{"@type":"SearchAction","target":{"@type":"EntryPoint","urlTemplate":"https:\/\/ajandekellato.hu\/?s={search_term_string}"},"query-input":{"@type":"PropertyValueSpecification","valueRequired":true,"valueName":"search_term_string"}}],"inLanguage":"en-US"}]}},"jetpack_sharing_enabled":true,"_links":{"self":[{"href":"https:\/\/ajandekellato.hu\/en\/wp-json\/wp\/v2\/product\/2818","targetHints":{"allow":["GET"]}}],"collection":[{"href":"https:\/\/ajandekellato.hu\/en\/wp-json\/wp\/v2\/product"}],"about":[{"href":"https:\/\/ajandekellato.hu\/en\/wp-json\/wp\/v2\/types\/product"}],"replies":[{"embeddable":true,"href":"https:\/\/ajandekellato.hu\/en\/wp-json\/wp\/v2\/comments?post=2818"}],"wp:featuredmedia":[{"embeddable":true,"href":"https:\/\/ajandekellato.hu\/en\/wp-json\/wp\/v2\/media\/2722"}],"wp:attachment":[{"href":"https:\/\/ajandekellato.hu\/en\/wp-json\/wp\/v2\/media?parent=2818"}],"wp:term":[{"taxonomy":"product_cat","embeddable":true,"href":"https:\/\/ajandekellato.hu\/en\/wp-json\/wp\/v2\/product_cat?post=2818"},{"taxonomy":"product_tag","embeddable":true,"href":"https:\/\/ajandekellato.hu\/en\/wp-json\/wp\/v2\/product_tag?post=2818"}],"curies":[{"name":"wp","href":"https:\/\/api.w.org\/{rel}","templated":true}]}}