{"id":8,"date":"2024-03-14T12:33:24","date_gmt":"2024-03-14T12:33:24","guid":{"rendered":"https:\/\/ajandekellato.hu\/index.php\/cart\/"},"modified":"2024-11-20T17:43:13","modified_gmt":"2024-11-20T17:43:13","slug":"kosar","status":"publish","type":"page","link":"https:\/\/ajandekellato.hu\/en\/kosar\/","title":{"rendered":"Kos\u00e1r"},"content":{"rendered":"<div data-block-name=\"woocommerce\/cart\" class=\"wp-block-woocommerce-cart alignwide is-loading\"><div data-block-name=\"woocommerce\/filled-cart-block\" class=\"wp-block-woocommerce-filled-cart-block\"><div data-block-name=\"woocommerce\/cart-items-block\" class=\"wp-block-woocommerce-cart-items-block\"><div data-block-name=\"woocommerce\/cart-line-items-block\" class=\"wp-block-woocommerce-cart-line-items-block\"><\/div>\n\n<div data-block-name=\"woocommerce\/cart-cross-sells-block\" class=\"wp-block-woocommerce-cart-cross-sells-block\"><h2 class=\"wp-block-heading has-large-font-size\">\u00c9rdekelhet m\u00e9g&#8230;<\/h2>\n\n<div data-block-name=\"woocommerce\/cart-cross-sells-products-block\" class=\"wp-block-woocommerce-cart-cross-sells-products-block\"><\/div><\/div><\/div>\n\n<div data-block-name=\"woocommerce\/cart-totals-block\" class=\"wp-block-woocommerce-cart-totals-block\"><div data-block-name=\"woocommerce\/cart-order-summary-block\" class=\"wp-block-woocommerce-cart-order-summary-block\"><div data-block-name=\"woocommerce\/cart-order-summary-heading-block\" data-content=\"\u00d6sszesen\" class=\"wp-block-woocommerce-cart-order-summary-heading-block\"><\/div>\n\n<div data-block-name=\"woocommerce\/cart-order-summary-coupon-form-block\" class=\"wp-block-woocommerce-cart-order-summary-coupon-form-block\"><\/div>\n\n<div data-block-name=\"woocommerce\/cart-order-summary-totals-block\" class=\"wp-block-woocommerce-cart-order-summary-totals-block\"><div data-block-name=\"woocommerce\/cart-order-summary-subtotal-block\" class=\"wp-block-woocommerce-cart-order-summary-subtotal-block\"><\/div>\n\n<div data-block-name=\"woocommerce\/cart-order-summary-fee-block\" class=\"wp-block-woocommerce-cart-order-summary-fee-block\"><\/div>\n\n<div data-block-name=\"woocommerce\/cart-order-summary-discount-block\" class=\"wp-block-woocommerce-cart-order-summary-discount-block\"><\/div>\n\n<div data-block-name=\"woocommerce\/cart-order-summary-shipping-block\" class=\"wp-block-woocommerce-cart-order-summary-shipping-block\"><\/div>\n\n<div data-block-name=\"woocommerce\/cart-order-summary-taxes-block\" class=\"wp-block-woocommerce-cart-order-summary-taxes-block\"><\/div><\/div><\/div>\n\n<div data-block-name=\"woocommerce\/cart-express-payment-block\" class=\"wp-block-woocommerce-cart-express-payment-block\"><\/div>\n\n<div data-block-name=\"woocommerce\/proceed-to-checkout-block\" class=\"wp-block-woocommerce-proceed-to-checkout-block\"><\/div>\n\n<div data-block-name=\"woocommerce\/cart-accepted-payment-methods-block\" class=\"wp-block-woocommerce-cart-accepted-payment-methods-block\"><\/div><\/div><\/div>\n\n<div data-block-name=\"woocommerce\/empty-cart-block\" class=\"wp-block-woocommerce-empty-cart-block\"><h2 class=\"wp-block-heading has-text-align-center with-empty-cart-icon wc-block-cart__empty-cart__title\">Jelenleg \u00fcres a kosarad!<\/h2>\n\n<hr class=\"wp-block-separator has-alpha-channel-opacity is-style-dots\"\/>\n\n<h2 class=\"wp-block-heading has-text-align-center\">\u00dajdons\u00e1gok<\/h2>\n\n<div data-block-name=\"woocommerce\/product-new\" data-columns=\"4\" data-rows=\"1\" class=\"wc-block-grid wp-block-product-new wp-block-woocommerce-product-new wc-block-product-new has-4-columns\"><ul class=\"wc-block-grid__products\"><li class=\"wc-block-grid__product\">\n\t\t\t\t<a href=\"https:\/\/ajandekellato.hu\/en\/product\/boa-7-es-tripla-27-fm\/\" class=\"wc-block-grid__product-link\">\n\t\t\t\t\t\n\t\t\t\t\t<div class=\"wc-block-grid__product-image\"><img loading=\"lazy\" decoding=\"async\" width=\"300\" height=\"300\" src=\"https:\/\/ajandekellato.hu\/wp-content\/uploads\/2024\/06\/7-es-boa-300x300.webp\" class=\"attachment-woocommerce_thumbnail size-woocommerce_thumbnail\" alt=\"Boa 7-es tripla 2,7 fm\" \/><\/div>\n\t\t\t\t\t<div class=\"wc-block-grid__product-title\">Boa 7-es tripla 2,7 fm<\/div>\n\t\t\t\t<\/a>\n\t\t\t\t<div class=\"wc-block-grid__product-price price\"><span class=\"woocommerce-Price-amount amount\">790,00&nbsp;<span class=\"woocommerce-Price-currencySymbol\">&#070;&#116;<\/span><\/span><\/div>\n\t\t\t\t\n\t\t\t\t<div class=\"wp-block-button wc-block-grid__product-add-to-cart\"><a href=\"https:\/\/ajandekellato.hu\/en\/product\/boa-7-es-tripla-27-fm\/\" aria-label=\"Select options for \u201cBoa 7-es tripla 2,7 fm\u201d\" data-quantity=\"1\" data-product_id=\"2850\" data-product_sku=\"R707\" data-price=\"790\" rel=\"nofollow\" class=\"wp-block-button__link  add_to_cart_button\" data-no-translation-aria-label=\"\"><\/a><\/div>\n\t\t\t<\/li><li class=\"wc-block-grid__product\">\n\t\t\t\t<a href=\"https:\/\/ajandekellato.hu\/en\/product\/boa-5-os-tripla-27-fm\/\" class=\"wc-block-grid__product-link\">\n\t\t\t\t\t\n\t\t\t\t\t<div class=\"wc-block-grid__product-image\"><img loading=\"lazy\" decoding=\"async\" width=\"300\" height=\"300\" src=\"https:\/\/ajandekellato.hu\/wp-content\/uploads\/2024\/06\/5-os-boa_1-300x300.png\" class=\"attachment-woocommerce_thumbnail size-woocommerce_thumbnail\" alt=\"Boa 5-\u00f6s tripla 2,7 fm\" \/><\/div>\n\t\t\t\t\t<div class=\"wc-block-grid__product-title\">Boa 5-\u00f6s tripla 2,7 fm<\/div>\n\t\t\t\t<\/a>\n\t\t\t\t<div class=\"wc-block-grid__product-price price\"><span class=\"woocommerce-Price-amount amount\">700,00&nbsp;<span class=\"woocommerce-Price-currencySymbol\">&#070;&#116;<\/span><\/span><\/div>\n\t\t\t\t\n\t\t\t\t<div class=\"wp-block-button wc-block-grid__product-add-to-cart\"><a href=\"https:\/\/ajandekellato.hu\/en\/product\/boa-5-os-tripla-27-fm\/\" aria-label=\"Select options for \u201cBoa 5-\u00f6s tripla 2,7 fm\u201d\" data-quantity=\"1\" data-product_id=\"2849\" data-product_sku=\"R706\" data-price=\"700\" rel=\"nofollow\" class=\"wp-block-button__link  add_to_cart_button\" data-no-translation-aria-label=\"\"><\/a><\/div>\n\t\t\t<\/li><li class=\"wc-block-grid__product\">\n\t\t\t\t<a href=\"https:\/\/ajandekellato.hu\/en\/product\/boa-5-os-szoros-2-fm\/\" class=\"wc-block-grid__product-link\">\n\t\t\t\t\t\n\t\t\t\t\t<div class=\"wc-block-grid__product-image\"><img loading=\"lazy\" decoding=\"async\" width=\"300\" height=\"300\" src=\"https:\/\/ajandekellato.hu\/wp-content\/uploads\/2024\/06\/5-os-boa-szoros-300x300.png\" class=\"attachment-woocommerce_thumbnail size-woocommerce_thumbnail\" alt=\"Boa 5-\u00f6s sz\u0151r\u0151s 2 fm\" \/><\/div>\n\t\t\t\t\t<div class=\"wc-block-grid__product-title\">Boa 5-\u00f6s sz\u0151r\u0151s 2 fm<\/div>\n\t\t\t\t<\/a>\n\t\t\t\t<div class=\"wc-block-grid__product-price price\"><span class=\"woocommerce-Price-amount amount\">250,00&nbsp;<span class=\"woocommerce-Price-currencySymbol\">&#070;&#116;<\/span><\/span><\/div>\n\t\t\t\t\n\t\t\t\t<div class=\"wp-block-button wc-block-grid__product-add-to-cart\"><a href=\"https:\/\/ajandekellato.hu\/en\/product\/boa-5-os-szoros-2-fm\/\" aria-label=\"Select options for \u201cBoa 5-\u00f6s sz\u0151r\u0151s 2 fm\u201d\" data-quantity=\"1\" data-product_id=\"2848\" data-product_sku=\"R703\" data-price=\"250\" rel=\"nofollow\" class=\"wp-block-button__link  add_to_cart_button\" data-no-translation-aria-label=\"\"><\/a><\/div>\n\t\t\t<\/li><li class=\"wc-block-grid__product\">\n\t\t\t\t<a href=\"https:\/\/ajandekellato.hu\/en\/product\/ezust-szaloncukorakaszto-100-db-megrendelo-csomagolasaban\/\" class=\"wc-block-grid__product-link\">\n\t\t\t\t\t\n\t\t\t\t\t<div class=\"wc-block-grid__product-image\"><img loading=\"lazy\" decoding=\"async\" width=\"300\" height=\"300\" src=\"https:\/\/ajandekellato.hu\/wp-content\/uploads\/2024\/03\/MG_9327-300x300.webp\" class=\"attachment-woocommerce_thumbnail size-woocommerce_thumbnail\" alt=\"Ez\u00fcst Szaloncukorakaszt\u00f3 (100 db) - megrendel\u0151 csomagol\u00e1s\u00e1ban\" \/><\/div>\n\t\t\t\t\t<div class=\"wc-block-grid__product-title\">Ez\u00fcst Szaloncukorakaszt\u00f3 (100 db) &#8211; megrendel\u0151 csomagol\u00e1s\u00e1ban<\/div>\n\t\t\t\t<\/a>\n\t\t\t\t<div class=\"wc-block-grid__product-price price\"><span class=\"woocommerce-Price-amount amount\">115,00&nbsp;<span class=\"woocommerce-Price-currencySymbol\">&#070;&#116;<\/span><\/span><\/div>\n\t\t\t\t\n\t\t\t\t<div class=\"wp-block-button wc-block-grid__product-add-to-cart\"><a href=\"?add-to-cart=3138\" aria-label=\"Add to cart: \u201cEz\u00fcst Szaloncukorakaszt\u00f3 (100 db) - megrendel\u0151 csomagol\u00e1s\u00e1ban\u201d\" data-quantity=\"1\" data-product_id=\"3138\" data-product_sku=\"R648E\" data-price=\"115\" rel=\"nofollow\" class=\"wp-block-button__link  add_to_cart_button ajax_add_to_cart\" data-no-translation-aria-label=\"\"><\/a><\/div>\n\t\t\t<\/li><\/ul><\/div><\/div><\/div>","protected":false},"excerpt":{"rendered":"\u00c9rdekelhet m\u00e9g... Jelenleg \u00fcres a kosarad! \u00dajdons\u00e1gok","protected":false},"author":1,"featured_media":0,"parent":0,"menu_order":0,"comment_status":"closed","ping_status":"closed","template":"","meta":{"footnotes":""},"class_list":["post-8","page","type-page","status-publish","hentry"],"yoast_head":"<!-- This site is optimized with the Yoast SEO plugin v24.1 - https:\/\/yoast.com\/wordpress\/plugins\/seo\/ -->\n<title>Kos\u00e1r - Region\u00e1lis Aj\u00e1nd\u00e9kell\u00e1t\u00f3<\/title>\n<meta name=\"robots\" content=\"index, follow, max-snippet:-1, max-image-preview:large, max-video-preview:-1\" \/>\n<link rel=\"canonical\" href=\"https:\/\/ajandekellato.hu\/en\/kosar\/\" \/>\n<meta property=\"og:locale\" content=\"en_US\" \/>\n<meta property=\"og:type\" content=\"article\" \/>\n<meta property=\"og:title\" content=\"Kos\u00e1r - Region\u00e1lis Aj\u00e1nd\u00e9kell\u00e1t\u00f3\" \/>\n<meta property=\"og:url\" content=\"https:\/\/ajandekellato.hu\/en\/kosar\/\" \/>\n<meta property=\"og:site_name\" content=\"Region\u00e1lis Aj\u00e1nd\u00e9kell\u00e1t\u00f3\" \/>\n<meta property=\"article:modified_time\" content=\"2024-11-20T17:43:13+00:00\" \/>\n<meta name=\"twitter:card\" content=\"summary_large_image\" \/>\n<meta name=\"twitter:label1\" content=\"Est. reading time\" \/>\n\t<meta name=\"twitter:data1\" content=\"1 minute\" \/>\n<script type=\"application\/ld+json\" class=\"yoast-schema-graph\">{\"@context\":\"https:\/\/schema.org\",\"@graph\":[{\"@type\":\"WebPage\",\"@id\":\"https:\/\/ajandekellato.hu\/kosar\/\",\"url\":\"https:\/\/ajandekellato.hu\/kosar\/\",\"name\":\"Kos\u00e1r - Region\u00e1lis Aj\u00e1nd\u00e9kell\u00e1t\u00f3\",\"isPartOf\":{\"@id\":\"https:\/\/ajandekellato.hu\/#website\"},\"datePublished\":\"2024-03-14T12:33:24+00:00\",\"dateModified\":\"2024-11-20T17:43:13+00:00\",\"breadcrumb\":{\"@id\":\"https:\/\/ajandekellato.hu\/kosar\/#breadcrumb\"},\"inLanguage\":\"en-US\",\"potentialAction\":[{\"@type\":\"ReadAction\",\"target\":[\"https:\/\/ajandekellato.hu\/kosar\/\"]}]},{\"@type\":\"BreadcrumbList\",\"@id\":\"https:\/\/ajandekellato.hu\/kosar\/#breadcrumb\",\"itemListElement\":[{\"@type\":\"ListItem\",\"position\":1,\"name\":\"Home\",\"item\":\"https:\/\/ajandekellato.hu\/\"},{\"@type\":\"ListItem\",\"position\":2,\"name\":\"Kos\u00e1r\"}]},{\"@type\":\"WebSite\",\"@id\":\"https:\/\/ajandekellato.hu\/#website\",\"url\":\"https:\/\/ajandekellato.hu\/\",\"name\":\"Region\u00e1lis Aj\u00e1nd\u00e9kell\u00e1t\u00f3\",\"description\":\"\",\"potentialAction\":[{\"@type\":\"SearchAction\",\"target\":{\"@type\":\"EntryPoint\",\"urlTemplate\":\"https:\/\/ajandekellato.hu\/?s={search_term_string}\"},\"query-input\":{\"@type\":\"PropertyValueSpecification\",\"valueRequired\":true,\"valueName\":\"search_term_string\"}}],\"inLanguage\":\"en-US\"}]}<\/script>\n<!-- \/ Yoast SEO plugin. -->","yoast_head_json":{"title":"Kos\u00e1r - Region\u00e1lis Aj\u00e1nd\u00e9kell\u00e1t\u00f3","robots":{"index":"index","follow":"follow","max-snippet":"max-snippet:-1","max-image-preview":"max-image-preview:large","max-video-preview":"max-video-preview:-1"},"canonical":"https:\/\/ajandekellato.hu\/en\/kosar\/","og_locale":"en_US","og_type":"article","og_title":"Kos\u00e1r - Region\u00e1lis Aj\u00e1nd\u00e9kell\u00e1t\u00f3","og_url":"https:\/\/ajandekellato.hu\/en\/kosar\/","og_site_name":"Region\u00e1lis Aj\u00e1nd\u00e9kell\u00e1t\u00f3","article_modified_time":"2024-11-20T17:43:13+00:00","twitter_card":"summary_large_image","twitter_misc":{"Est. reading time":"1 minute"},"schema":{"@context":"https:\/\/schema.org","@graph":[{"@type":"WebPage","@id":"https:\/\/ajandekellato.hu\/kosar\/","url":"https:\/\/ajandekellato.hu\/kosar\/","name":"Kos\u00e1r - Region\u00e1lis Aj\u00e1nd\u00e9kell\u00e1t\u00f3","isPartOf":{"@id":"https:\/\/ajandekellato.hu\/#website"},"datePublished":"2024-03-14T12:33:24+00:00","dateModified":"2024-11-20T17:43:13+00:00","breadcrumb":{"@id":"https:\/\/ajandekellato.hu\/kosar\/#breadcrumb"},"inLanguage":"en-US","potentialAction":[{"@type":"ReadAction","target":["https:\/\/ajandekellato.hu\/kosar\/"]}]},{"@type":"BreadcrumbList","@id":"https:\/\/ajandekellato.hu\/kosar\/#breadcrumb","itemListElement":[{"@type":"ListItem","position":1,"name":"Home","item":"https:\/\/ajandekellato.hu\/"},{"@type":"ListItem","position":2,"name":"Kos\u00e1r"}]},{"@type":"WebSite","@id":"https:\/\/ajandekellato.hu\/#website","url":"https:\/\/ajandekellato.hu\/","name":"Region\u00e1lis Aj\u00e1nd\u00e9kell\u00e1t\u00f3","description":"","potentialAction":[{"@type":"SearchAction","target":{"@type":"EntryPoint","urlTemplate":"https:\/\/ajandekellato.hu\/?s={search_term_string}"},"query-input":{"@type":"PropertyValueSpecification","valueRequired":true,"valueName":"search_term_string"}}],"inLanguage":"en-US"}]}},"jetpack_sharing_enabled":true,"_links":{"self":[{"href":"https:\/\/ajandekellato.hu\/en\/wp-json\/wp\/v2\/pages\/8","targetHints":{"allow":["GET"]}}],"collection":[{"href":"https:\/\/ajandekellato.hu\/en\/wp-json\/wp\/v2\/pages"}],"about":[{"href":"https:\/\/ajandekellato.hu\/en\/wp-json\/wp\/v2\/types\/page"}],"author":[{"embeddable":true,"href":"https:\/\/ajandekellato.hu\/en\/wp-json\/wp\/v2\/users\/1"}],"replies":[{"embeddable":true,"href":"https:\/\/ajandekellato.hu\/en\/wp-json\/wp\/v2\/comments?post=8"}],"version-history":[{"count":3,"href":"https:\/\/ajandekellato.hu\/en\/wp-json\/wp\/v2\/pages\/8\/revisions"}],"predecessor-version":[{"id":3255,"href":"https:\/\/ajandekellato.hu\/en\/wp-json\/wp\/v2\/pages\/8\/revisions\/3255"}],"wp:attachment":[{"href":"https:\/\/ajandekellato.hu\/en\/wp-json\/wp\/v2\/media?parent=8"}],"curies":[{"name":"wp","href":"https:\/\/api.w.org\/{rel}","templated":true}]}}