{"id":192,"date":"2016-06-09T06:58:39","date_gmt":"2016-06-09T06:58:39","guid":{"rendered":"https:\/\/franco.arrowtheme.com\/?page_id=192"},"modified":"2024-11-26T18:27:01","modified_gmt":"2024-11-26T18:27:01","slug":"rolunk","status":"publish","type":"page","link":"https:\/\/ajandekellato.hu\/en\/rolunk\/","title":{"rendered":"R\u00f3lunk"},"content":{"rendered":"<div class=\"wpb-content-wrapper\"><div class=\"vc_row wpb_row vc_row-fluid\"><div class=\"wpb_column vc_column_container vc_col-sm-12\"><div class=\"vc_column-inner\"><div class=\"wpb_wrapper\"><div class=\"franco-container container\"><div class=\"vc_row wpb_row vc_inner vc_row-fluid\"><div class=\"about-desc wpb_column vc_column_container vc_col-sm-12 vc_col-lg-6 vc_col-md-6 vc_col-xs-12\"><div class=\"vc_column-inner\"><div class=\"wpb_wrapper\"><div class=\"franco-container\">  \r\n\t<div class=\"franco-heading  \t \t text-left\"  data-animation-delay=\"500\" data-animation=\"\">\r\n\t\t\t\t\t\t\t<p >Kik vagyunk<\/p>\r\n\t\t\t\t\t\t\t\t\t\t\t\t\t\t\t\t\t\t\t<h3 >\r\n\t\t\t\t\t\t\t\tC\u00e9g\u00fcnkr\u0151l\t\t\t\t\t\t\t<\/h3>\r\n\t\t\t\t\t\t\t\t\t\t\t\t\t\t\t\t\t<\/div>\t\r\n<\/div>\n\n\t<div class=\"wpb_text_column wpb_content_element\" >\n\t\t<div class=\"wpb_wrapper\">\n\t\t\t<p style=\"text-align: justify;\">Az Aj\u00e1nd\u00e9kell\u00e1t\u00f3.hu k\u00fcldet\u00e9se, hogy a r\u00e9gi\u00f3 legmegb\u00edzhat\u00f3bb aj\u00e1nd\u00e9kell\u00e1t\u00e1si \u00e9s dekor\u00e1ci\u00f3s partnere legy\u00fcnk. Egyedi, min\u0151s\u00e9gi aj\u00e1nd\u00e9kok sz\u00e9les v\u00e1laszt\u00e9k\u00e1val t\u00e1mogatjuk \u00fcgyfeleinket, legyen sz\u00f3 c\u00e9ges aj\u00e1nd\u00e9koz\u00e1sr\u00f3l, esem\u00e9nyekr\u0151l, vagy szem\u00e9lyes alkalmakr\u00f3l. Sok \u00e9vtizedes tapasztalatunk, helyi ismereteink \u00e9s folyamatosan b\u0151v\u00fcl\u0151 k\u00edn\u00e1latunk biztos\u00edtja, hogy mindig a legjobb megold\u00e1st ny\u00fajtsuk.<\/p>\n<p style=\"text-align: justify;\">Hisz\u00fcnk abban, hogy az aj\u00e1nd\u00e9k \u00e9rt\u00e9ke nemcsak az \u00e1rban, hanem az egyedi t\u00f6rt\u00e9netben \u00e9s az \u00f6r\u00f6mben rejlik, amit ad. Szenved\u00e9ly\u00fcnk, hogy minden alkalomra a t\u00f6k\u00e9letes aj\u00e1nd\u00e9kot tal\u00e1ljuk meg \u00fcgyfeleink sz\u00e1m\u00e1ra.<\/p>\n\n\t\t<\/div>\n\t<\/div>\n<\/div><\/div><\/div><div class=\"wpb_column vc_column_container vc_col-sm-12 vc_col-lg-6 vc_col-md-6 vc_col-xs-12\"><div class=\"vc_column-inner\"><div class=\"wpb_wrapper\">\n\t<div  class=\"wpb_single_image wpb_content_element vc_align_left wpb_content_element\">\n\t\t\n\t\t<figure class=\"wpb_wrapper vc_figure\">\n\t\t\t<div class=\"vc_single_image-wrapper   vc_box_border_grey\"><img loading=\"lazy\" decoding=\"async\" width=\"1000\" height=\"1018\" src=\"https:\/\/ajandekellato.hu\/wp-content\/uploads\/2024\/11\/Cegunkrol.webp\" class=\"vc_single_image-img attachment-full\" alt=\"\" title=\"C\u00e9g\u00fcnkr\u0151l\" \/><\/div>\n\t\t<\/figure>\n\t<\/div>\n<\/div><\/div><\/div><\/div><\/div>\n<div class=\"ult-spacer spacer-69e4e9ac7fb3e\" data-id=\"69e4e9ac7fb3e\" data-height=\"45\" data-height-mobile=\"15\" data-height-tab=\"35\" data-height-tab-portrait=\"35\" data-height-mobile-landscape=\"15\" style=\"clear:both;display:block;\"><\/div><\/div><\/div><\/div><\/div><div class=\"vc_row wpb_row vc_row-fluid\"><div class=\"wpb_column vc_column_container vc_col-sm-12\"><div class=\"vc_column-inner\"><div class=\"wpb_wrapper\"><div class=\"ult-spacer spacer-69e4e9ac80619\" data-id=\"69e4e9ac80619\" data-height=\"35\" data-height-mobile=\"15\" data-height-tab=\"35\" data-height-tab-portrait=\"35\" data-height-mobile-landscape=\"15\" style=\"clear:both;display:block;\"><\/div><div class=\"franco-container container\"><div class=\"franco-container\">  \r\n\t<div class=\"franco-heading  \t text-center\"  data-animation-delay=\"500\" data-animation=\"\">\r\n\t\t\t\t\t\t\t<p >Egyedi<\/p>\r\n\t\t\t\t\t\t\t\t\t\t\t\t\t\t\t\t\t\t\t<h3 >\r\n\t\t\t\t\t\t\t\tterm\u00e9kek\t\t\t\t\t\t\t<\/h3>\r\n\t\t\t\t\t\t\t\t\t\t\t\t\t\t\t\t\t<\/div>\t\r\n<\/div>\n<div class=\"ult-spacer spacer-69e4e9ac8097a\" data-id=\"69e4e9ac8097a\" data-height=\"30\" data-height-mobile=\"30\" data-height-tab=\"30\" data-height-tab-portrait=\"30\" data-height-mobile-landscape=\"30\" style=\"clear:both;display:block;\"><\/div><div class=\"vc_row wpb_row vc_inner vc_row-fluid\"><div class=\"wpb_column vc_column_container vc_col-sm-4\"><div class=\"vc_column-inner\"><div class=\"wpb_wrapper\">\n<div id=\"interactive-banner-1-wrap-1925\" class=\"ult-banner-block ult-adjust-bottom-margin ult-bb-none  banner-style11\"   style=\"\">\n\t<img decoding=\"async\" src=\"https:\/\/ajandekellato.hu\/wp-content\/uploads\/2024\/11\/Sportszerek-scaled.webp\" alt=\"null\">\n\t<h1  data-ultimate-target='#interactive-banner-1-wrap-1925 .bb-top-title '  data-responsive-json-new='{\"font-size\":\"\",\"line-height\":\"\"}'  class=\"title-center bb-top-title ult-responsive\" style=\"font-weight:normal;background:#F47051;color:#ffffff;\">SPORTSZEREK \u00c9S HOBBYTERM\u00c9KEK<\/h1>\n\t<div class=\"mask opaque-background\" style=\"background:#EAACA0;\">\n\t\t<div  data-ultimate-target='#interactive-banner-1-wrap-1925 .bb-description'  data-responsive-json-new='{\"font-size\":\"\",\"line-height\":\"\"}'  class=\"bb-description ult-responsive\" style=\"font-style:italic;font-weight:normal;color:#ffffff;\">(tollaslabda, evez\u0151k)<\/div>\n\t<\/div>\n<\/div><\/div><\/div><\/div><div class=\"wpb_column vc_column_container vc_col-sm-4\"><div class=\"vc_column-inner\"><div class=\"wpb_wrapper\">\n<div id=\"interactive-banner-1-wrap-9641\" class=\"ult-banner-block ult-adjust-bottom-margin ult-bb-none  banner-style11\"   style=\"\">\n\t<img decoding=\"async\" src=\"https:\/\/ajandekellato.hu\/wp-content\/uploads\/2024\/11\/Ajandektargyak-scaled.webp\" alt=\"null\">\n\t<h3  data-ultimate-target='#interactive-banner-1-wrap-9641 .bb-top-title '  data-responsive-json-new='{\"font-size\":\"\",\"line-height\":\"\"}'  class=\"title-center bb-top-title ult-responsive\" style=\"font-weight:normal;background:#F47051;color:#ffffff;\">AJ\u00c1ND\u00c9KT\u00c1RGYAK \u00c9S VIR\u00c1GKELL\u00c9KEK<\/h3>\n\t<div class=\"mask opaque-background\" style=\"background:#EAACA0;\">\n\t\t<div  data-ultimate-target='#interactive-banner-1-wrap-9641 .bb-description'  data-responsive-json-new='{\"font-size\":\"\",\"line-height\":\"\"}'  class=\"bb-description ult-responsive\" style=\"font-style:italic;font-weight:normal;color:#ffffff;\">(kar\u00e1csonyi, szilveszteri \u00e9s \u00e1ltal\u00e1nos rendeltet\u00e9s\u0171 term\u00e9kek \u00e9s figur\u00e1k)<\/div>\n\t<\/div>\n<\/div><\/div><\/div><\/div><div class=\"wpb_column vc_column_container vc_col-sm-4\"><div class=\"vc_column-inner\"><div class=\"wpb_wrapper\">\n<div id=\"interactive-banner-1-wrap-1549\" class=\"ult-banner-block ult-adjust-bottom-margin ult-bb-none  banner-style11\"   style=\"\">\n\t<img decoding=\"async\" src=\"https:\/\/ajandekellato.hu\/wp-content\/uploads\/2024\/11\/Csomagolas-scaled.webp\" alt=\"null\">\n\t<h3  data-ultimate-target='#interactive-banner-1-wrap-1549 .bb-top-title '  data-responsive-json-new='{\"font-size\":\"\",\"line-height\":\"\"}'  class=\"title-center bb-top-title ult-responsive\" style=\"font-weight:normal;background:#F47051;color:#ffffff;\">DEKOR\u00c1CI\u00d3S TERM\u00c9KEK<\/h3>\n\t<div class=\"mask opaque-background\" style=\"background:#EAACA0;\">\n\t\t<div  data-ultimate-target='#interactive-banner-1-wrap-1549 .bb-description'  data-responsive-json-new='{\"font-size\":\"\",\"line-height\":\"\"}'  class=\"bb-description ult-responsive\" style=\"font-style:italic;font-weight:normal;color:#ffffff;\">(dekor\u00e1ci\u00f3k, kar\u00e1csonyfad\u00edszek: bo\u00e1k - garland, lametta, gyertyat\u0171, gyertyacsipesz)<\/div>\n\t<\/div>\n<\/div><\/div><\/div><\/div><\/div><\/div>\n<\/div><\/div><\/div><\/div><div class=\"vc_row wpb_row vc_row-fluid\"><div class=\"wpb_column vc_column_container vc_col-sm-12\"><div class=\"vc_column-inner\"><div class=\"wpb_wrapper\"><div class=\"ult-spacer spacer-69e4e9ac82410\" data-id=\"69e4e9ac82410\" data-height=\"35\" data-height-mobile=\"15\" data-height-tab=\"35\" data-height-tab-portrait=\"35\" data-height-mobile-landscape=\"15\" style=\"clear:both;display:block;\"><\/div><div class=\"franco-container container\"><div class=\"franco-container\">  \r\n\t<div class=\"franco-heading  \t text-center\"  data-animation-delay=\"500\" data-animation=\"\">\r\n\t\t\t\t\t\t\t<p ><\/p>\r\n\t\t\t\t\t\t\t\t\t\t\t\t\t\t\t\t\t\t\t<h3 >\r\n\t\t\t\t\t\t\t\tHogyan Dolgozunk?\t\t\t\t\t\t\t<\/h3>\r\n\t\t\t\t\t\t\t\t\t\t\t\t\t\t\t\t\t<\/div>\t\r\n<\/div>\n<div class=\"ult-spacer spacer-69e4e9ac82713\" data-id=\"69e4e9ac82713\" data-height=\"35\" data-height-mobile=\"15\" data-height-tab=\"35\" data-height-tab-portrait=\"35\" data-height-mobile-landscape=\"15\" style=\"clear:both;display:block;\"><\/div><div class=\"vc_row wpb_row vc_inner vc_row-fluid\"><div class=\"wpb_column vc_column_container vc_col-sm-4\"><div class=\"vc_column-inner\"><div class=\"wpb_wrapper\"><div class=\"vc_icon_element vc_icon_element-outer vc_do_icon vc_icon_element-align-center vc_icon_element-have-style\"><div class=\"vc_icon_element-inner vc_icon_element-color-white vc_icon_element-have-style-inner vc_icon_element-size-14 vc_icon_element-style-rounded vc_icon_element-background vc_icon_element-background-color-pink\" ><span class=\"vc_icon_element-icon fas fa-handshake\" ><\/span><\/div><\/div>\n\t<div class=\"wpb_text_column wpb_content_element vc_custom_1732116889521\" >\n\t\t<div class=\"wpb_wrapper\">\n\t\t\t<h4 style=\"text-align: center;\">1. IG\u00c9NYFELM\u00c9R\u00c9S<\/h4>\n<p style=\"text-align: center;\"><span>Megismerj\u00fck \u00fcgyfeleink ig\u00e9nyeit \u00e9s elk\u00e9pzel\u00e9seit.<\/span><\/p>\n\n\t\t<\/div>\n\t<\/div>\n<\/div><\/div><\/div><div class=\"wpb_column vc_column_container vc_col-sm-4\"><div class=\"vc_column-inner\"><div class=\"wpb_wrapper\"><div class=\"vc_icon_element vc_icon_element-outer vc_do_icon vc_icon_element-align-center vc_icon_element-have-style\"><div class=\"vc_icon_element-inner vc_icon_element-color-white vc_icon_element-have-style-inner vc_icon_element-size-14 vc_icon_element-style-rounded vc_icon_element-background vc_icon_element-background-color-pink\" ><span class=\"vc_icon_element-icon fas fa-pen-nib\" ><\/span><\/div><\/div>\n\t<div class=\"wpb_text_column wpb_content_element vc_custom_1732645486254\" >\n\t\t<div class=\"wpb_wrapper\">\n\t\t\t<h4 style=\"text-align: center;\">2. EGYEDI AJ\u00c1NLATT\u00c9TEL<\/h4>\n<p style=\"text-align: center;\">Szem\u00e9lyre szabott javaslatokat ny\u00fajtunk.<\/p>\n\n\t\t<\/div>\n\t<\/div>\n<\/div><\/div><\/div><div class=\"wpb_column vc_column_container vc_col-sm-4\"><div class=\"vc_column-inner\"><div class=\"wpb_wrapper\"><div class=\"vc_icon_element vc_icon_element-outer vc_do_icon vc_icon_element-align-center vc_icon_element-have-style\"><div class=\"vc_icon_element-inner vc_icon_element-color-white vc_icon_element-have-style-inner vc_icon_element-size-14 vc_icon_element-style-rounded vc_icon_element-background vc_icon_element-background-color-pink\" ><span class=\"vc_icon_element-icon fas fa-stopwatch\" ><\/span><\/div><\/div>\n\t<div class=\"wpb_text_column wpb_content_element vc_custom_1732117463306\" >\n\t\t<div class=\"wpb_wrapper\">\n\t\t\t<h4 style=\"text-align: center;\">3. GYORS KIVITELEZ\u00c9S<\/h4>\n<p style=\"text-align: center;\">Hat\u00e1rid\u0151re teljes\u00edtj\u00fck megrendel\u00e9seit.<\/p>\n\n\t\t<\/div>\n\t<\/div>\n<\/div><\/div><\/div><\/div><\/div>\n<\/div><\/div><\/div><\/div>\n<\/div>","protected":false},"excerpt":{"rendered":"Kik vagyunk C\u00e9g\u00fcnkr\u0151l Az Aj\u00e1nd\u00e9kell\u00e1t\u00f3.hu k\u00fcldet\u00e9se, hogy a r\u00e9gi\u00f3 legmegb\u00edzhat\u00f3bb aj\u00e1nd\u00e9kell\u00e1t\u00e1si \u00e9s dekor\u00e1ci\u00f3s partnere legy\u00fcnk. Egyedi, min\u0151s\u00e9gi aj\u00e1nd\u00e9kok sz\u00e9les v\u00e1laszt\u00e9k\u00e1val t\u00e1mogatjuk \u00fcgyfeleinket, legyen sz\u00f3 c\u00e9ges aj\u00e1nd\u00e9koz\u00e1sr\u00f3l, esem\u00e9nyekr\u0151l, vagy szem\u00e9lyes alkalmakr\u00f3l. Sok \u00e9vtizedes tapasztalatunk, helyi ismereteink \u00e9s folyamatosan b\u0151v\u00fcl\u0151 k\u00edn\u00e1latunk biztos\u00edtja, hogy mindig a legjobb megold\u00e1st ny\u00fajtsuk. Hisz\u00fcnk abban, hogy az [...]","protected":false},"author":1,"featured_media":0,"parent":0,"menu_order":0,"comment_status":"closed","ping_status":"closed","template":"","meta":{"footnotes":""},"class_list":["post-192","page","type-page","status-publish","hentry"],"yoast_head":"<!-- This site is optimized with the Yoast SEO plugin v24.1 - https:\/\/yoast.com\/wordpress\/plugins\/seo\/ -->\n<title>R\u00f3lunk - Region\u00e1lis Aj\u00e1nd\u00e9kell\u00e1t\u00f3<\/title>\n<meta name=\"robots\" content=\"index, follow, max-snippet:-1, max-image-preview:large, max-video-preview:-1\" \/>\n<link rel=\"canonical\" href=\"https:\/\/ajandekellato.hu\/en\/rolunk\/\" \/>\n<meta property=\"og:locale\" content=\"en_US\" \/>\n<meta property=\"og:type\" content=\"article\" \/>\n<meta property=\"og:title\" content=\"R\u00f3lunk - Region\u00e1lis Aj\u00e1nd\u00e9kell\u00e1t\u00f3\" \/>\n<meta property=\"og:url\" content=\"https:\/\/ajandekellato.hu\/en\/rolunk\/\" \/>\n<meta property=\"og:site_name\" content=\"Region\u00e1lis Aj\u00e1nd\u00e9kell\u00e1t\u00f3\" \/>\n<meta property=\"article:modified_time\" content=\"2024-11-26T18:27:01+00:00\" \/>\n<meta name=\"twitter:card\" content=\"summary_large_image\" \/>\n<meta name=\"twitter:label1\" content=\"Est. reading time\" \/>\n\t<meta name=\"twitter:data1\" content=\"2 minutes\" \/>\n<script type=\"application\/ld+json\" class=\"yoast-schema-graph\">{\"@context\":\"https:\/\/schema.org\",\"@graph\":[{\"@type\":\"WebPage\",\"@id\":\"https:\/\/ajandekellato.hu\/rolunk\/\",\"url\":\"https:\/\/ajandekellato.hu\/rolunk\/\",\"name\":\"R\u00f3lunk - Region\u00e1lis Aj\u00e1nd\u00e9kell\u00e1t\u00f3\",\"isPartOf\":{\"@id\":\"https:\/\/ajandekellato.hu\/#website\"},\"datePublished\":\"2016-06-09T06:58:39+00:00\",\"dateModified\":\"2024-11-26T18:27:01+00:00\",\"breadcrumb\":{\"@id\":\"https:\/\/ajandekellato.hu\/rolunk\/#breadcrumb\"},\"inLanguage\":\"en-US\",\"potentialAction\":[{\"@type\":\"ReadAction\",\"target\":[\"https:\/\/ajandekellato.hu\/rolunk\/\"]}]},{\"@type\":\"BreadcrumbList\",\"@id\":\"https:\/\/ajandekellato.hu\/rolunk\/#breadcrumb\",\"itemListElement\":[{\"@type\":\"ListItem\",\"position\":1,\"name\":\"Home\",\"item\":\"https:\/\/ajandekellato.hu\/\"},{\"@type\":\"ListItem\",\"position\":2,\"name\":\"R\u00f3lunk\"}]},{\"@type\":\"WebSite\",\"@id\":\"https:\/\/ajandekellato.hu\/#website\",\"url\":\"https:\/\/ajandekellato.hu\/\",\"name\":\"Region\u00e1lis Aj\u00e1nd\u00e9kell\u00e1t\u00f3\",\"description\":\"\",\"potentialAction\":[{\"@type\":\"SearchAction\",\"target\":{\"@type\":\"EntryPoint\",\"urlTemplate\":\"https:\/\/ajandekellato.hu\/?s={search_term_string}\"},\"query-input\":{\"@type\":\"PropertyValueSpecification\",\"valueRequired\":true,\"valueName\":\"search_term_string\"}}],\"inLanguage\":\"en-US\"}]}<\/script>\n<!-- \/ Yoast SEO plugin. -->","yoast_head_json":{"title":"R\u00f3lunk - Region\u00e1lis Aj\u00e1nd\u00e9kell\u00e1t\u00f3","robots":{"index":"index","follow":"follow","max-snippet":"max-snippet:-1","max-image-preview":"max-image-preview:large","max-video-preview":"max-video-preview:-1"},"canonical":"https:\/\/ajandekellato.hu\/en\/rolunk\/","og_locale":"en_US","og_type":"article","og_title":"R\u00f3lunk - Region\u00e1lis Aj\u00e1nd\u00e9kell\u00e1t\u00f3","og_url":"https:\/\/ajandekellato.hu\/en\/rolunk\/","og_site_name":"Region\u00e1lis Aj\u00e1nd\u00e9kell\u00e1t\u00f3","article_modified_time":"2024-11-26T18:27:01+00:00","twitter_card":"summary_large_image","twitter_misc":{"Est. reading time":"2 minutes"},"schema":{"@context":"https:\/\/schema.org","@graph":[{"@type":"WebPage","@id":"https:\/\/ajandekellato.hu\/rolunk\/","url":"https:\/\/ajandekellato.hu\/rolunk\/","name":"R\u00f3lunk - Region\u00e1lis Aj\u00e1nd\u00e9kell\u00e1t\u00f3","isPartOf":{"@id":"https:\/\/ajandekellato.hu\/#website"},"datePublished":"2016-06-09T06:58:39+00:00","dateModified":"2024-11-26T18:27:01+00:00","breadcrumb":{"@id":"https:\/\/ajandekellato.hu\/rolunk\/#breadcrumb"},"inLanguage":"en-US","potentialAction":[{"@type":"ReadAction","target":["https:\/\/ajandekellato.hu\/rolunk\/"]}]},{"@type":"BreadcrumbList","@id":"https:\/\/ajandekellato.hu\/rolunk\/#breadcrumb","itemListElement":[{"@type":"ListItem","position":1,"name":"Home","item":"https:\/\/ajandekellato.hu\/"},{"@type":"ListItem","position":2,"name":"R\u00f3lunk"}]},{"@type":"WebSite","@id":"https:\/\/ajandekellato.hu\/#website","url":"https:\/\/ajandekellato.hu\/","name":"Region\u00e1lis Aj\u00e1nd\u00e9kell\u00e1t\u00f3","description":"","potentialAction":[{"@type":"SearchAction","target":{"@type":"EntryPoint","urlTemplate":"https:\/\/ajandekellato.hu\/?s={search_term_string}"},"query-input":{"@type":"PropertyValueSpecification","valueRequired":true,"valueName":"search_term_string"}}],"inLanguage":"en-US"}]}},"jetpack_sharing_enabled":true,"_links":{"self":[{"href":"https:\/\/ajandekellato.hu\/en\/wp-json\/wp\/v2\/pages\/192","targetHints":{"allow":["GET"]}}],"collection":[{"href":"https:\/\/ajandekellato.hu\/en\/wp-json\/wp\/v2\/pages"}],"about":[{"href":"https:\/\/ajandekellato.hu\/en\/wp-json\/wp\/v2\/types\/page"}],"author":[{"embeddable":true,"href":"https:\/\/ajandekellato.hu\/en\/wp-json\/wp\/v2\/users\/1"}],"replies":[{"embeddable":true,"href":"https:\/\/ajandekellato.hu\/en\/wp-json\/wp\/v2\/comments?post=192"}],"version-history":[{"count":27,"href":"https:\/\/ajandekellato.hu\/en\/wp-json\/wp\/v2\/pages\/192\/revisions"}],"predecessor-version":[{"id":3246,"href":"https:\/\/ajandekellato.hu\/en\/wp-json\/wp\/v2\/pages\/192\/revisions\/3246"}],"wp:attachment":[{"href":"https:\/\/ajandekellato.hu\/en\/wp-json\/wp\/v2\/media?parent=192"}],"curies":[{"name":"wp","href":"https:\/\/api.w.org\/{rel}","templated":true}]}}