{"id":17,"date":"2024-03-14T15:04:30","date_gmt":"2024-03-14T15:04:30","guid":{"rendered":"https:\/\/ajandekellato.hu\/index.php\/wishlist\/"},"modified":"2024-06-10T08:22:17","modified_gmt":"2024-06-10T08:22:17","slug":"kedvencek","status":"publish","type":"page","link":"https:\/\/ajandekellato.hu\/en\/kedvencek\/","title":{"rendered":"Kedvencek"},"content":{"rendered":"<form\n\tid=\"yith-wcwl-form\"\n\taction=\"https:\/\/ajandekellato.hu\/en\/kedvencek\/\"\n\tmethod=\"post\"\n\tclass=\"woocommerce yith-wcwl-form wishlist-fragment\"\n\tdata-fragment-options=\"{&quot;per_page&quot;:5,&quot;current_page&quot;:1,&quot;pagination&quot;:&quot;no&quot;,&quot;wishlist_id&quot;:false,&quot;action_params&quot;:false,&quot;no_interactions&quot;:false,&quot;layout&quot;:&quot;&quot;,&quot;wishlist&quot;:false,&quot;is_default&quot;:true,&quot;is_custom_list&quot;:false,&quot;wishlist_token&quot;:&quot;&quot;,&quot;is_private&quot;:false,&quot;count&quot;:0,&quot;page_title&quot;:&quot;My wishlist&quot;,&quot;default_wishlsit_title&quot;:&quot;My wishlist&quot;,&quot;page_links&quot;:false,&quot;is_user_logged_in&quot;:false,&quot;is_user_owner&quot;:true,&quot;can_user_edit_title&quot;:false,&quot;show_price&quot;:true,&quot;show_dateadded&quot;:false,&quot;show_stock_status&quot;:true,&quot;show_add_to_cart&quot;:true,&quot;show_remove_product&quot;:true,&quot;add_to_cart_text&quot;:&quot;Add to cart&quot;,&quot;show_ask_estimate_button&quot;:false,&quot;ask_estimate_url&quot;:&quot;&quot;,&quot;price_excl_tax&quot;:true,&quot;show_cb&quot;:false,&quot;show_quantity&quot;:false,&quot;show_variation&quot;:false,&quot;show_price_variations&quot;:false,&quot;show_update&quot;:false,&quot;enable_drag_n_drop&quot;:false,&quot;enable_add_all_to_cart&quot;:false,&quot;move_to_another_wishlist&quot;:false,&quot;repeat_remove_button&quot;:false,&quot;show_last_column&quot;:true,&quot;heading_icon&quot;:&quot;&lt;i class=\\&quot;fa heart-outline\\&quot;&gt;&lt;\\\/i&gt;&quot;,&quot;share_enabled&quot;:false,&quot;template_part&quot;:&quot;view&quot;,&quot;additional_info&quot;:false,&quot;available_multi_wishlist&quot;:false,&quot;form_action&quot;:&quot;https:\\\/\\\/ajandekellato.hu\\\/en\\\/kedvencek\\\/&quot;,&quot;item&quot;:&quot;wishlist&quot;}\" data-trp-original-action=\"https:\/\/ajandekellato.hu\/en\/kedvencek\/\"\n>\n\n\t<!-- TITLE -->\n\t\t\t<div class=\"wishlist-title-container\">\n\t\t\t<div class=\"wishlist-title\">\n\t\t\t\t<h2>My wishlist<\/h2>\t\t\t\t\t\t\t<\/div>\n\t\t\t\t\t<\/div>\n\t\r\n\n<!-- WISHLIST TABLE -->\n<table\n\tclass=\"shop_table cart wishlist_table wishlist_view traditional responsive\"\n\tdata-pagination=\"no\" data-per-page=\"5\" data-page=\"1\"\n\tdata-id=\"\" data-token=\"\">\n\n\t\n\t<thead>\n\t<tr>\n\t\t\n\t\t\t\t\t\t\t\t<th class=\"product-remove\">\n\t\t\t\t<span class=\"nobr\">\n\t\t\t\t\t\t\t\t\t<\/span>\n\t\t\t<\/th>\n\t\t\n\t\t<th class=\"product-thumbnail\"><\/th>\n\n\t\t<th class=\"product-name\">\n\t\t\t<span class=\"nobr\">\n\t\t\t\tProduct name\t\t\t<\/span>\n\t\t<\/th>\n\n\t\t\t\t\t\t\t\t<th class=\"product-price\">\n\t\t\t\t<span class=\"nobr\">\n\t\t\t\t\tUnit price\t\t\t\t<\/span>\n\t\t\t<\/th>\n\t\t\n\t\t\n\t\t\t\t\t\t\t\t<th class=\"product-stock-status\">\n\t\t\t\t<span class=\"nobr\">\n\t\t\t\t\tStock status\t\t\t\t<\/span>\n\t\t\t<\/th>\n\t\t\n\t\t\t\t\t\t\t\t<th class=\"product-add-to-cart\">\n\t\t\t\t<span class=\"nobr\">\n\t\t\t\t\t\t\t\t\t<\/span>\n\t\t\t<\/th>\n\t\t\n\t\t\t<\/tr>\n\t<\/thead>\n\n\t<tbody class=\"wishlist-items-wrapper\">\n\t\t\t<tr>\n\t\t\t\t\t\t<td colspan=\"6\" class=\"wishlist-empty\">No products added to the wishlist<\/td>\n\t\t<\/tr>\n\t\t\t<\/tbody>\n\n<\/table>\n\r\n<div class=\"yith_wcwl_wishlist_footer\">\n\t\n\n\t\n\n\t\n\t<\/div>\n\n<input type=\"hidden\" id=\"yith_wcwl_edit_wishlist\" name=\"yith_wcwl_edit_wishlist\" value=\"67f708d8fc\" \/><input type=\"hidden\" name=\"_wp_http_referer\" value=\"\/en\/wp-json\/wp\/v2\/pages\/17\" \/><input type=\"hidden\" value=\"\" name=\"wishlist_id\" id=\"wishlist_id\">\n\n\n<input type=\"hidden\" name=\"trp-form-language\" value=\"en\"\/><\/form>","protected":false},"excerpt":{"rendered":"My wishlist Product name Unit price Stock status No products added to the wishlist","protected":false},"author":1,"featured_media":0,"parent":0,"menu_order":0,"comment_status":"closed","ping_status":"closed","template":"","meta":{"footnotes":""},"class_list":["post-17","page","type-page","status-publish","hentry"],"yoast_head":"<!-- This site is optimized with the Yoast SEO plugin v24.1 - https:\/\/yoast.com\/wordpress\/plugins\/seo\/ -->\n<title>Kedvencek - Region\u00e1lis Aj\u00e1nd\u00e9kell\u00e1t\u00f3<\/title>\n<meta name=\"robots\" content=\"index, follow, max-snippet:-1, max-image-preview:large, max-video-preview:-1\" \/>\n<link rel=\"canonical\" href=\"https:\/\/ajandekellato.hu\/en\/kedvencek\/\" \/>\n<meta property=\"og:locale\" content=\"en_US\" \/>\n<meta property=\"og:type\" content=\"article\" \/>\n<meta property=\"og:title\" content=\"Kedvencek - Region\u00e1lis Aj\u00e1nd\u00e9kell\u00e1t\u00f3\" \/>\n<meta property=\"og:url\" content=\"https:\/\/ajandekellato.hu\/en\/kedvencek\/\" \/>\n<meta property=\"og:site_name\" content=\"Region\u00e1lis Aj\u00e1nd\u00e9kell\u00e1t\u00f3\" \/>\n<meta property=\"article:modified_time\" content=\"2024-06-10T08:22:17+00:00\" \/>\n<meta name=\"twitter:card\" content=\"summary_large_image\" \/>\n<meta name=\"twitter:label1\" content=\"Est. reading time\" \/>\n\t<meta name=\"twitter:data1\" content=\"1 minute\" \/>\n<script type=\"application\/ld+json\" class=\"yoast-schema-graph\">{\"@context\":\"https:\/\/schema.org\",\"@graph\":[{\"@type\":\"WebPage\",\"@id\":\"https:\/\/ajandekellato.hu\/kedvencek\/\",\"url\":\"https:\/\/ajandekellato.hu\/kedvencek\/\",\"name\":\"Kedvencek - Region\u00e1lis Aj\u00e1nd\u00e9kell\u00e1t\u00f3\",\"isPartOf\":{\"@id\":\"https:\/\/ajandekellato.hu\/#website\"},\"datePublished\":\"2024-03-14T15:04:30+00:00\",\"dateModified\":\"2024-06-10T08:22:17+00:00\",\"breadcrumb\":{\"@id\":\"https:\/\/ajandekellato.hu\/kedvencek\/#breadcrumb\"},\"inLanguage\":\"en-US\",\"potentialAction\":[{\"@type\":\"ReadAction\",\"target\":[\"https:\/\/ajandekellato.hu\/kedvencek\/\"]}]},{\"@type\":\"BreadcrumbList\",\"@id\":\"https:\/\/ajandekellato.hu\/kedvencek\/#breadcrumb\",\"itemListElement\":[{\"@type\":\"ListItem\",\"position\":1,\"name\":\"Home\",\"item\":\"https:\/\/ajandekellato.hu\/\"},{\"@type\":\"ListItem\",\"position\":2,\"name\":\"Kedvencek\"}]},{\"@type\":\"WebSite\",\"@id\":\"https:\/\/ajandekellato.hu\/#website\",\"url\":\"https:\/\/ajandekellato.hu\/\",\"name\":\"Region\u00e1lis Aj\u00e1nd\u00e9kell\u00e1t\u00f3\",\"description\":\"\",\"potentialAction\":[{\"@type\":\"SearchAction\",\"target\":{\"@type\":\"EntryPoint\",\"urlTemplate\":\"https:\/\/ajandekellato.hu\/?s={search_term_string}\"},\"query-input\":{\"@type\":\"PropertyValueSpecification\",\"valueRequired\":true,\"valueName\":\"search_term_string\"}}],\"inLanguage\":\"en-US\"}]}<\/script>\n<!-- \/ Yoast SEO plugin. -->","yoast_head_json":{"title":"Kedvencek - Region\u00e1lis Aj\u00e1nd\u00e9kell\u00e1t\u00f3","robots":{"index":"index","follow":"follow","max-snippet":"max-snippet:-1","max-image-preview":"max-image-preview:large","max-video-preview":"max-video-preview:-1"},"canonical":"https:\/\/ajandekellato.hu\/en\/kedvencek\/","og_locale":"en_US","og_type":"article","og_title":"Kedvencek - Region\u00e1lis Aj\u00e1nd\u00e9kell\u00e1t\u00f3","og_url":"https:\/\/ajandekellato.hu\/en\/kedvencek\/","og_site_name":"Region\u00e1lis Aj\u00e1nd\u00e9kell\u00e1t\u00f3","article_modified_time":"2024-06-10T08:22:17+00:00","twitter_card":"summary_large_image","twitter_misc":{"Est. reading time":"1 minute"},"schema":{"@context":"https:\/\/schema.org","@graph":[{"@type":"WebPage","@id":"https:\/\/ajandekellato.hu\/kedvencek\/","url":"https:\/\/ajandekellato.hu\/kedvencek\/","name":"Kedvencek - Region\u00e1lis Aj\u00e1nd\u00e9kell\u00e1t\u00f3","isPartOf":{"@id":"https:\/\/ajandekellato.hu\/#website"},"datePublished":"2024-03-14T15:04:30+00:00","dateModified":"2024-06-10T08:22:17+00:00","breadcrumb":{"@id":"https:\/\/ajandekellato.hu\/kedvencek\/#breadcrumb"},"inLanguage":"en-US","potentialAction":[{"@type":"ReadAction","target":["https:\/\/ajandekellato.hu\/kedvencek\/"]}]},{"@type":"BreadcrumbList","@id":"https:\/\/ajandekellato.hu\/kedvencek\/#breadcrumb","itemListElement":[{"@type":"ListItem","position":1,"name":"Home","item":"https:\/\/ajandekellato.hu\/"},{"@type":"ListItem","position":2,"name":"Kedvencek"}]},{"@type":"WebSite","@id":"https:\/\/ajandekellato.hu\/#website","url":"https:\/\/ajandekellato.hu\/","name":"Region\u00e1lis Aj\u00e1nd\u00e9kell\u00e1t\u00f3","description":"","potentialAction":[{"@type":"SearchAction","target":{"@type":"EntryPoint","urlTemplate":"https:\/\/ajandekellato.hu\/?s={search_term_string}"},"query-input":{"@type":"PropertyValueSpecification","valueRequired":true,"valueName":"search_term_string"}}],"inLanguage":"en-US"}]}},"jetpack_sharing_enabled":true,"_links":{"self":[{"href":"https:\/\/ajandekellato.hu\/en\/wp-json\/wp\/v2\/pages\/17","targetHints":{"allow":["GET"]}}],"collection":[{"href":"https:\/\/ajandekellato.hu\/en\/wp-json\/wp\/v2\/pages"}],"about":[{"href":"https:\/\/ajandekellato.hu\/en\/wp-json\/wp\/v2\/types\/page"}],"author":[{"embeddable":true,"href":"https:\/\/ajandekellato.hu\/en\/wp-json\/wp\/v2\/users\/1"}],"replies":[{"embeddable":true,"href":"https:\/\/ajandekellato.hu\/en\/wp-json\/wp\/v2\/comments?post=17"}],"version-history":[{"count":1,"href":"https:\/\/ajandekellato.hu\/en\/wp-json\/wp\/v2\/pages\/17\/revisions"}],"predecessor-version":[{"id":2970,"href":"https:\/\/ajandekellato.hu\/en\/wp-json\/wp\/v2\/pages\/17\/revisions\/2970"}],"wp:attachment":[{"href":"https:\/\/ajandekellato.hu\/en\/wp-json\/wp\/v2\/media?parent=17"}],"curies":[{"name":"wp","href":"https:\/\/api.w.org\/{rel}","templated":true}]}}