{"id":1676,"date":"2016-06-07T02:27:26","date_gmt":"2016-06-07T02:27:26","guid":{"rendered":"https:\/\/franco.arrowtheme.com\/?page_id=2"},"modified":"2024-11-20T16:42:29","modified_gmt":"2024-11-20T16:42:29","slug":"ceges-ajandekok","status":"publish","type":"page","link":"https:\/\/ajandekellato.hu\/en\/ceges-ajandekok\/","title":{"rendered":"C\u00e9ges Aj\u00e1nd\u00e9kok"},"content":{"rendered":"<div class=\"wpb-content-wrapper\"><div class=\"vc_row wpb_row vc_row-fluid\"><div class=\"wpb_column vc_column_container vc_col-sm-12\"><div class=\"vc_column-inner\"><div class=\"wpb_wrapper\"><div class=\"franco-container container\"><div class=\"franco-container\">  \r\n\t<div class=\"franco-heading  \t text-center\"  data-animation-delay=\"500\" data-animation=\"\">\r\n\t\t\t\t\t\t\t<p  style=\"color: #F47051\">C\u00e9ges aj\u00e1nd\u00e9kok<\/p>\r\n\t\t\t\t\t\t\t\t\t\t\t\t\t\t\t\t\t\t\t<h3  style=\"color: #000000\">\r\n\t\t\t\t\t\t\t\tEgyedi ig\u00e9nyek alapj\u00e1n\t\t\t\t\t\t\t<\/h3>\r\n\t\t\t\t\t\t\t\t\t\t\t\t\t\t\t\t\t<\/div>\t\r\n<\/div>\n\n\t<div class=\"wpb_text_column wpb_content_element\" >\n\t\t<div class=\"wpb_wrapper\">\n\t\t\t<p style=\"text-align: center;\"><span>Az<\/span><span>\u00a0<\/span><strong>Aj\u00e1nd\u00e9kell\u00e1t\u00f3.hu<\/strong><span>\u00a0<\/span><span>szak\u00e9rt\u0151je a c\u00e9ges aj\u00e1nd\u00e9kok tervez\u00e9s\u00e9nek, gy\u00e1rt\u00e1s\u00e1nak \u00e9s beszerz\u00e9s\u00e9nek, teljes m\u00e9rt\u00e9kben \u00fcgyfeleink egyedi ig\u00e9nyeire szabva. Legyen sz\u00f3 partnereknek, \u00fcgyfeleknek vagy munkat\u00e1rsaknak sz\u00e1nt aj\u00e1nd\u00e9kokr\u00f3l, biztos\u00edtjuk, hogy az elk\u00e9sz\u00fclt term\u00e9kek t\u00fckr\u00f6zz\u00e9k c\u00e9ge \u00e9rt\u00e9keit \u00e9s st\u00edlus\u00e1t.<\/span><\/p>\n\n\t\t<\/div>\n\t<\/div>\n<\/div>\n<div class=\"franco-container container\"><div class=\"franco-container\">  \r\n\t<div class=\"franco-heading  \t text-center\"  data-animation-delay=\"500\" data-animation=\"\">\r\n\t\t\t\t\t\t\t<p  style=\"color: #F47051\">Mit ny\u00fajtunk?<\/p>\r\n\t\t\t\t\t\t\t\t\t\t\t\t\t\t\t\t\t\t\t<h3  style=\"color: #000000\">\r\n\t\t\t\t\t\t\t\t\t\t\t\t\t\t\t<\/h3>\r\n\t\t\t\t\t\t\t\t\t\t\t\t\t\t\t\t\t<\/div>\t\r\n<\/div>\n<div class=\"ult-spacer spacer-69e4ffedcadb9\" data-id=\"69e4ffedcadb9\" data-height=\"45\" data-height-mobile=\"15\" data-height-tab=\"35\" data-height-tab-portrait=\"35\" data-height-mobile-landscape=\"15\" style=\"clear:both;display:block;\"><\/div><div class=\"vc_row wpb_row vc_inner vc_row-fluid\"><div class=\"wpb_column vc_column_container vc_col-sm-3\"><div class=\"vc_column-inner\"><div class=\"wpb_wrapper\"><div class=\"vc_icon_element vc_icon_element-outer vc_do_icon vc_icon_element-align-center vc_icon_element-have-style\"><div class=\"vc_icon_element-inner vc_icon_element-color-white vc_icon_element-have-style-inner vc_icon_element-size-14 vc_icon_element-style-rounded vc_icon_element-background vc_icon_element-background-color-pink\" ><span class=\"vc_icon_element-icon fas fa-pencil-ruler\" ><\/span><\/div><\/div>\n\t<div class=\"wpb_text_column wpb_content_element\" >\n\t\t<div class=\"wpb_wrapper\">\n\t\t\t<h4 style=\"text-align: center;\">Egyedi tervez\u00e9s<\/h4>\n<p style=\"text-align: center;\">Kreat\u00edv csapatunk seg\u00edt az \u00f6tlett\u0151l a megval\u00f3s\u00edt\u00e1sig.<\/p>\n\n\t\t<\/div>\n\t<\/div>\n<\/div><\/div><\/div><div class=\"wpb_column vc_column_container vc_col-sm-3\"><div class=\"vc_column-inner\"><div class=\"wpb_wrapper\"><div class=\"vc_icon_element vc_icon_element-outer vc_do_icon vc_icon_element-align-center vc_icon_element-have-style\"><div class=\"vc_icon_element-inner vc_icon_element-color-white vc_icon_element-have-style-inner vc_icon_element-size-14 vc_icon_element-style-rounded vc_icon_element-background vc_icon_element-background-color-pink\" ><span class=\"vc_icon_element-icon fas fa-gem\" ><\/span><\/div><\/div>\n\t<div class=\"wpb_text_column wpb_content_element\" >\n\t\t<div class=\"wpb_wrapper\">\n\t\t\t<h4 style=\"text-align: center;\">Kiv\u00e1l\u00f3 min\u0151s\u00e9g<\/h4>\n<p style=\"text-align: center;\">Csak pr\u00e9mium alapanyagokkal dolgozunk.<\/p>\n\n\t\t<\/div>\n\t<\/div>\n<\/div><\/div><\/div><div class=\"wpb_column vc_column_container vc_col-sm-3\"><div class=\"vc_column-inner\"><div class=\"wpb_wrapper\"><div class=\"vc_icon_element vc_icon_element-outer vc_do_icon vc_icon_element-align-center vc_icon_element-have-style\"><div class=\"vc_icon_element-inner vc_icon_element-color-white vc_icon_element-have-style-inner vc_icon_element-size-14 vc_icon_element-style-rounded vc_icon_element-background vc_icon_element-background-color-pink\" ><span class=\"vc_icon_element-icon fas fa-sort-alpha-down\" ><\/span><\/div><\/div>\n\t<div class=\"wpb_text_column wpb_content_element\" >\n\t\t<div class=\"wpb_wrapper\">\n\t\t\t<h4 style=\"text-align: center;\">Teljes k\u00f6r\u0171 szolg\u00e1ltat\u00e1s<\/h4>\n<p style=\"text-align: center;\">A tervez\u00e9st\u0151l a gy\u00e1rt\u00e1sig \u00e9s sz\u00e1ll\u00edt\u00e1sig minden folyamatot k\u00e9zben tartunk.<\/p>\n\n\t\t<\/div>\n\t<\/div>\n<\/div><\/div><\/div><div class=\"wpb_column vc_column_container vc_col-sm-3\"><div class=\"vc_column-inner\"><div class=\"wpb_wrapper\"><div class=\"vc_icon_element vc_icon_element-outer vc_do_icon vc_icon_element-align-center vc_icon_element-have-style\"><div class=\"vc_icon_element-inner vc_icon_element-color-white vc_icon_element-have-style-inner vc_icon_element-size-14 vc_icon_element-style-rounded vc_icon_element-background vc_icon_element-background-color-pink\" ><span class=\"vc_icon_element-icon fas fa-recycle\" ><\/span><\/div><\/div>\n\t<div class=\"wpb_text_column wpb_content_element\" >\n\t\t<div class=\"wpb_wrapper\">\n\t\t\t<h4 style=\"text-align: center;\">Fenntarthat\u00f3 megold\u00e1sok<\/h4>\n<p style=\"text-align: center;\">K\u00f6rnyezettudatos aj\u00e1nd\u00e9kokat is k\u00edn\u00e1lunk.<\/p>\n\n\t\t<\/div>\n\t<\/div>\n<\/div><\/div><\/div><\/div><\/div>\n<div class=\"ult-spacer spacer-69e4ffedcc763\" data-id=\"69e4ffedcc763\" data-height=\"45\" data-height-mobile=\"15\" data-height-tab=\"35\" data-height-tab-portrait=\"35\" data-height-mobile-landscape=\"15\" style=\"clear:both;display:block;\"><\/div><div class=\"franco-container container\"><div class=\"vc_row wpb_row vc_inner vc_row-fluid\"><div class=\"wpb_column vc_column_container vc_col-sm-3\"><div class=\"vc_column-inner\"><div class=\"wpb_wrapper\"><div class=\"uavc-icons-right uavc-icons\">\n<div class=\"aio-icon circle\" data-animation=\"\" data-animation-delay=\"03\" style=\"color:#FFFFFF;background:#F47051;font-size:100px;margin-right:5px;\">\n\t<i class=\"Defaults-line-chart\"><\/i>\n<\/div><\/div><\/div><\/div><\/div><div class=\"wpb_column vc_column_container vc_col-sm-9\"><div class=\"vc_column-inner\"><div class=\"wpb_wrapper\"><div class=\"franco-container\">  \r\n\t<div class=\"franco-heading  \t \t text-left\"  data-animation-delay=\"500\" data-animation=\"\">\r\n\t\t\t\t\t\t\t<p  style=\"color: #F47051\"><\/p>\r\n\t\t\t\t\t\t\t\t\t\t\t\t\t\t\t\t\t\t\t<h3  style=\"color: #000000\">\r\n\t\t\t\t\t\t\t\tMi\u00e9rt \u00e9rdemes vel\u00fcnk dolgozni?\t\t\t\t\t\t\t<\/h3>\r\n\t\t\t\t\t\t\t\t\t\t\t\t\t\t\t\t\t<\/div>\t\r\n<\/div>\n<div class=\"ult-spacer spacer-69e4ffedcd317\" data-id=\"69e4ffedcd317\" data-height=\"45\" data-height-mobile=\"15\" data-height-tab=\"35\" data-height-tab-portrait=\"35\" data-height-mobile-landscape=\"15\" style=\"clear:both;display:block;\"><\/div>\n\t<div class=\"wpb_text_column wpb_content_element\" >\n\t\t<div class=\"wpb_wrapper\">\n\t\t\t<p style=\"text-align: justify;\"><span style=\"font-weight: 400;\">A c\u00e9ges aj\u00e1nd\u00e9k nemcsak figyelmess\u00e9g, hanem strat\u00e9giai eszk\u00f6z is, amely er\u0151s\u00edti a m\u00e1rk\u00e1t \u00e9s kapcsolatokat \u00e9p\u00edt. Seg\u00edt\u00fcnk, hogy aj\u00e1nd\u00e9kai ne csak eml\u00e9kezetesek, hanem hat\u00e9konyak is legyenek.<\/span><\/p>\n<p style=\"text-align: justify;\"><span style=\"font-weight: 400;\">L\u00e9pjen kapcsolatba vel\u00fcnk, \u00e9s val\u00f3s\u00edtsuk meg egy\u00fctt c\u00e9ges aj\u00e1nd\u00e9k\u00f6tleteit!<\/span><\/p>\n\n\t\t<\/div>\n\t<\/div>\n<\/div><\/div><\/div><\/div><\/div>\n<\/div><\/div><\/div><\/div><div class=\"vc_row wpb_row vc_row-fluid\"><div class=\"wpb_column vc_column_container vc_col-sm-12\"><div class=\"vc_column-inner\"><div class=\"wpb_wrapper\">\n\t<div class=\"wpb_text_column wpb_content_element\" >\n\t\t<div class=\"wpb_wrapper\">\n\t\t\t\n\t\t<\/div>\n\t<\/div>\n<\/div><\/div><\/div><\/div>\n<\/div>","protected":false},"excerpt":{"rendered":"C\u00e9ges aj\u00e1nd\u00e9kok Egyedi ig\u00e9nyek alapj\u00e1n Az\u00a0Aj\u00e1nd\u00e9kell\u00e1t\u00f3.hu\u00a0szak\u00e9rt\u0151je a c\u00e9ges aj\u00e1nd\u00e9kok tervez\u00e9s\u00e9nek, gy\u00e1rt\u00e1s\u00e1nak \u00e9s beszerz\u00e9s\u00e9nek, teljes m\u00e9rt\u00e9kben \u00fcgyfeleink egyedi ig\u00e9nyeire szabva. Legyen sz\u00f3 partnereknek, \u00fcgyfeleknek vagy munkat\u00e1rsaknak sz\u00e1nt aj\u00e1nd\u00e9kokr\u00f3l, biztos\u00edtjuk, hogy az elk\u00e9sz\u00fclt term\u00e9kek t\u00fckr\u00f6zz\u00e9k c\u00e9ge \u00e9rt\u00e9keit \u00e9s st\u00edlus\u00e1t. Mit ny\u00fajtunk? Egyedi tervez\u00e9s Kreat\u00edv csapatunk seg\u00edt az \u00f6tlett\u0151l a megval\u00f3s\u00edt\u00e1sig. Kiv\u00e1l\u00f3 min\u0151s\u00e9g [...]","protected":false},"author":1,"featured_media":0,"parent":0,"menu_order":0,"comment_status":"closed","ping_status":"closed","template":"","meta":{"footnotes":""},"class_list":["post-1676","page","type-page","status-publish","hentry"],"yoast_head":"<!-- This site is optimized with the Yoast SEO plugin v24.1 - https:\/\/yoast.com\/wordpress\/plugins\/seo\/ -->\n<title>C\u00e9ges Aj\u00e1nd\u00e9kok - Region\u00e1lis Aj\u00e1nd\u00e9kell\u00e1t\u00f3<\/title>\n<meta name=\"robots\" content=\"index, follow, max-snippet:-1, max-image-preview:large, max-video-preview:-1\" \/>\n<link rel=\"canonical\" href=\"https:\/\/ajandekellato.hu\/en\/ceges-ajandekok\/\" \/>\n<meta property=\"og:locale\" content=\"en_US\" \/>\n<meta property=\"og:type\" content=\"article\" \/>\n<meta property=\"og:title\" content=\"C\u00e9ges Aj\u00e1nd\u00e9kok - Region\u00e1lis Aj\u00e1nd\u00e9kell\u00e1t\u00f3\" \/>\n<meta property=\"og:url\" content=\"https:\/\/ajandekellato.hu\/en\/ceges-ajandekok\/\" \/>\n<meta property=\"og:site_name\" content=\"Region\u00e1lis Aj\u00e1nd\u00e9kell\u00e1t\u00f3\" \/>\n<meta property=\"article:modified_time\" content=\"2024-11-20T16:42:29+00:00\" \/>\n<meta name=\"twitter:card\" content=\"summary_large_image\" \/>\n<meta name=\"twitter:label1\" content=\"Est. reading time\" \/>\n\t<meta name=\"twitter:data1\" content=\"1 minute\" \/>\n<script type=\"application\/ld+json\" class=\"yoast-schema-graph\">{\"@context\":\"https:\/\/schema.org\",\"@graph\":[{\"@type\":\"WebPage\",\"@id\":\"https:\/\/ajandekellato.hu\/ceges-ajandekok\/\",\"url\":\"https:\/\/ajandekellato.hu\/ceges-ajandekok\/\",\"name\":\"C\u00e9ges Aj\u00e1nd\u00e9kok - Region\u00e1lis Aj\u00e1nd\u00e9kell\u00e1t\u00f3\",\"isPartOf\":{\"@id\":\"https:\/\/ajandekellato.hu\/#website\"},\"datePublished\":\"2016-06-07T02:27:26+00:00\",\"dateModified\":\"2024-11-20T16:42:29+00:00\",\"breadcrumb\":{\"@id\":\"https:\/\/ajandekellato.hu\/ceges-ajandekok\/#breadcrumb\"},\"inLanguage\":\"en-US\",\"potentialAction\":[{\"@type\":\"ReadAction\",\"target\":[\"https:\/\/ajandekellato.hu\/ceges-ajandekok\/\"]}]},{\"@type\":\"BreadcrumbList\",\"@id\":\"https:\/\/ajandekellato.hu\/ceges-ajandekok\/#breadcrumb\",\"itemListElement\":[{\"@type\":\"ListItem\",\"position\":1,\"name\":\"Home\",\"item\":\"https:\/\/ajandekellato.hu\/\"},{\"@type\":\"ListItem\",\"position\":2,\"name\":\"C\u00e9ges Aj\u00e1nd\u00e9kok\"}]},{\"@type\":\"WebSite\",\"@id\":\"https:\/\/ajandekellato.hu\/#website\",\"url\":\"https:\/\/ajandekellato.hu\/\",\"name\":\"Region\u00e1lis Aj\u00e1nd\u00e9kell\u00e1t\u00f3\",\"description\":\"\",\"potentialAction\":[{\"@type\":\"SearchAction\",\"target\":{\"@type\":\"EntryPoint\",\"urlTemplate\":\"https:\/\/ajandekellato.hu\/?s={search_term_string}\"},\"query-input\":{\"@type\":\"PropertyValueSpecification\",\"valueRequired\":true,\"valueName\":\"search_term_string\"}}],\"inLanguage\":\"en-US\"}]}<\/script>\n<!-- \/ Yoast SEO plugin. -->","yoast_head_json":{"title":"C\u00e9ges Aj\u00e1nd\u00e9kok - Region\u00e1lis Aj\u00e1nd\u00e9kell\u00e1t\u00f3","robots":{"index":"index","follow":"follow","max-snippet":"max-snippet:-1","max-image-preview":"max-image-preview:large","max-video-preview":"max-video-preview:-1"},"canonical":"https:\/\/ajandekellato.hu\/en\/ceges-ajandekok\/","og_locale":"en_US","og_type":"article","og_title":"C\u00e9ges Aj\u00e1nd\u00e9kok - Region\u00e1lis Aj\u00e1nd\u00e9kell\u00e1t\u00f3","og_url":"https:\/\/ajandekellato.hu\/en\/ceges-ajandekok\/","og_site_name":"Region\u00e1lis Aj\u00e1nd\u00e9kell\u00e1t\u00f3","article_modified_time":"2024-11-20T16:42:29+00:00","twitter_card":"summary_large_image","twitter_misc":{"Est. reading time":"1 minute"},"schema":{"@context":"https:\/\/schema.org","@graph":[{"@type":"WebPage","@id":"https:\/\/ajandekellato.hu\/ceges-ajandekok\/","url":"https:\/\/ajandekellato.hu\/ceges-ajandekok\/","name":"C\u00e9ges Aj\u00e1nd\u00e9kok - Region\u00e1lis Aj\u00e1nd\u00e9kell\u00e1t\u00f3","isPartOf":{"@id":"https:\/\/ajandekellato.hu\/#website"},"datePublished":"2016-06-07T02:27:26+00:00","dateModified":"2024-11-20T16:42:29+00:00","breadcrumb":{"@id":"https:\/\/ajandekellato.hu\/ceges-ajandekok\/#breadcrumb"},"inLanguage":"en-US","potentialAction":[{"@type":"ReadAction","target":["https:\/\/ajandekellato.hu\/ceges-ajandekok\/"]}]},{"@type":"BreadcrumbList","@id":"https:\/\/ajandekellato.hu\/ceges-ajandekok\/#breadcrumb","itemListElement":[{"@type":"ListItem","position":1,"name":"Home","item":"https:\/\/ajandekellato.hu\/"},{"@type":"ListItem","position":2,"name":"C\u00e9ges Aj\u00e1nd\u00e9kok"}]},{"@type":"WebSite","@id":"https:\/\/ajandekellato.hu\/#website","url":"https:\/\/ajandekellato.hu\/","name":"Region\u00e1lis Aj\u00e1nd\u00e9kell\u00e1t\u00f3","description":"","potentialAction":[{"@type":"SearchAction","target":{"@type":"EntryPoint","urlTemplate":"https:\/\/ajandekellato.hu\/?s={search_term_string}"},"query-input":{"@type":"PropertyValueSpecification","valueRequired":true,"valueName":"search_term_string"}}],"inLanguage":"en-US"}]}},"jetpack_sharing_enabled":true,"_links":{"self":[{"href":"https:\/\/ajandekellato.hu\/en\/wp-json\/wp\/v2\/pages\/1676","targetHints":{"allow":["GET"]}}],"collection":[{"href":"https:\/\/ajandekellato.hu\/en\/wp-json\/wp\/v2\/pages"}],"about":[{"href":"https:\/\/ajandekellato.hu\/en\/wp-json\/wp\/v2\/types\/page"}],"author":[{"embeddable":true,"href":"https:\/\/ajandekellato.hu\/en\/wp-json\/wp\/v2\/users\/1"}],"replies":[{"embeddable":true,"href":"https:\/\/ajandekellato.hu\/en\/wp-json\/wp\/v2\/comments?post=1676"}],"version-history":[{"count":12,"href":"https:\/\/ajandekellato.hu\/en\/wp-json\/wp\/v2\/pages\/1676\/revisions"}],"predecessor-version":[{"id":3214,"href":"https:\/\/ajandekellato.hu\/en\/wp-json\/wp\/v2\/pages\/1676\/revisions\/3214"}],"wp:attachment":[{"href":"https:\/\/ajandekellato.hu\/en\/wp-json\/wp\/v2\/media?parent=1676"}],"curies":[{"name":"wp","href":"https:\/\/api.w.org\/{rel}","templated":true}]}}